{"id":20,"date":"2026-03-04T20:12:48","date_gmt":"2026-03-04T19:12:48","guid":{"rendered":"https:\/\/www.riadsanvitolocapo.com\/de\/blog\/"},"modified":"2026-03-21T12:09:46","modified_gmt":"2026-03-21T11:09:46","slug":"blog","status":"publish","type":"page","link":"https:\/\/www.riadsanvitolocapo.com\/de\/blog\/","title":{"rendered":"Blog"},"content":{"rendered":"\r\n\r\n<div class=\"et_pb_section_0 et_pb_section et_section_regular et_block_section section_has_divider et_pb_top_divider\"><div class=\"et_pb_top_inside_divider et-no-transition\"><\/div>\r\n\r\n<div class=\"et_pb_row_0 et_pb_row et_block_row\">\r\n\r\n<div class=\"et_pb_column_0 et_pb_column et_pb_column_4_4 et-last-child et_block_column et_pb_css_mix_blend_mode_passthrough\">\r\n\r\n<div class=\"et_pb_text_0 et_pb_text et_pb_bg_layout_light et_pb_module et_flex_module\"><div class=\"et_pb_text_inner\"><h1 data-path-to-node=\"5\" style=\"text-align: center;\">Der Blog des Riad Comfort Rooms: Ihr verl\u00e4sslicher Begleiter f\u00fcr San Vito Lo Capo<\/h1>\n<p data-path-to-node=\"6\" style=\"text-align: center;\">Willkommen im pulsierenden und sicheren Herzen Westsiziliens. Unser Blog ist keine gew\u00f6hnliche Nachrichtenseite, sondern ein pr\u00e4ziser Kompass, der Sie zuverl\u00e4ssig bei der Entdeckung dieser faszinierenden Region begleitet. Ein entspannender Aufenthalt im Riad Comfort Rooms, exakt 50 Meter vom Strand in San Vito entfernt, bietet Ihnen das Privileg, das Dorf absolut authentisch zu erleben und gleichzeitig verborgene Winkel zu entdecken, die nur den Einheimischen vertraut sind. Auf diesen Seiten b\u00fcndeln wir fundierte Ratschl\u00e4ge, gut durchdachte Reiserouten und echte gastronomische Geheimnisse, um Ihren Urlaub verl\u00e4sslich in ein sp\u00fcrbar echtes Erlebnis zu verwandeln \u2013 so f\u00fchlen Sie sich vom ersten Klick an tief und sicher mit unserer Region verbunden.<\/p>\n<\/div><\/div><\/div><\/div><\/div>\r\n\r\n<div class=\"et_pb_section_1 et_pb_section et_section_regular et_flex_section\">\r\n\r\n<div class=\"et_pb_row_1 et_pb_row et_flex_row\">\r\n\r\n<div class=\"et_pb_column_1 et_pb_column et-last-child et_flex_column et_pb_css_mix_blend_mode_passthrough et_flex_column_24_24 et_flex_column_24_24_tablet et_flex_column_24_24_phone\">\r\n\r\n<div class=\"et_pb_blog_0 et_pb_blog et_pb_bg_layout_light et_pb_posts et_pb_module\"><div class=\"et_pb_ajax_pagination_container\"><div class=\"et_pb_posts et_grid_module\"><article class=\"et_pb_post et_pb_post_id_260 clearfix et_pb_blog_item_0_0 post-260 post type-post status-publish format-standard has-post-thumbnail hentry category-nuetzliche-infos tag-anreise-san-vito tag-flughafen-palermo-trapani tag-parken-san-vito tag-san-vito-lo-capo-transfer tag-unterwegs-auf-sizilien\"><div class=\"et_pb_image_container\"><a href=\"https:\/\/www.riadsanvitolocapo.com\/de\/nuetzliche-infos\/unterwegs-in-san-vito-lo-capo-ein-guide-fuer-transfers-und-stressfreies-parken\/\" class=\"entry-featured-image-url\"><img decoding=\"async\" src=\"https:\/\/www.riadsanvitolocapo.com\/de\/wp-content\/uploads\/sites\/4\/2026\/03\/8-zacken-stern-parkplatz-transfer-strand-meer-dorf-san-vito-lo-capo.png\" width=\"1080\" height=\"1080\" alt=\"8 zacken stern parkplatz transfer strand meer dorf san vito lo capo\" class=\"\" title=\"\"><span data-icon=\"\ue050\" class=\"et_overlay et_pb_inline_icon\"><\/span><\/a><\/div><h2 class=\"entry-title\"><a href=\"https:\/\/www.riadsanvitolocapo.com\/de\/nuetzliche-infos\/unterwegs-in-san-vito-lo-capo-ein-guide-fuer-transfers-und-stressfreies-parken\/\">Unterwegs in San Vito Lo Capo: Ein Guide f\u00fcr Transfers und stressfreies Parken<\/a><\/h2><p class=\"post-meta\"><span class=\"entry-categories\"><a href=\"https:\/\/www.riadsanvitolocapo.com\/de\/category\/nuetzliche-infos\/\" rel=\"tag\">N\u00fctzliche Infos<\/a><\/span><\/p><div class=\"post-content\"><div class=\"post-content-inner\"><p>Unterwegs in San Vito Lo Capo: Ein Guide f\u00fcr Transfers und stressfreies Parken Die Planung Ihrer Ankunft in San Vito Lo Capo ist der erste Schritt zu einem perfekten Urlaub. Egal, ob Sie an den nahegelegenen Flugh\u00e4fen landen oder mit dem Auto anreisen, wir haben alle&#8230;<\/p>\n<\/div><\/div><\/article><article class=\"et_pb_post et_pb_post_id_253 clearfix et_pb_blog_item_0_1 post-253 post type-post status-publish format-standard has-post-thumbnail hentry category-geschmack-und-traditionen tag-san-vito-couscous tag-san-vito-lo-capo-restaurants tag-trapaneser-busiate tag-typisch-sizilianische-gerichte tag-was-man-auf-sizilien-essen-sollte\"><div class=\"et_pb_image_container\"><a href=\"https:\/\/www.riadsanvitolocapo.com\/de\/geschmack-und-traditionen\/aromen-von-san-vito-eine-reise-zwischen-couscous-und-trapaneser-busiate\/\" class=\"entry-featured-image-url\"><img decoding=\"async\" src=\"https:\/\/www.riadsanvitolocapo.com\/de\/wp-content\/uploads\/sites\/4\/2026\/03\/8-zacken-stern-gericht-busiate-riad-comfort-rooms.png\" width=\"1080\" height=\"1080\" alt=\"8 zacken stern gericht busiate riad comfort rooms\" class=\"\" title=\"\"><span data-icon=\"\ue050\" class=\"et_overlay et_pb_inline_icon\"><\/span><\/a><\/div><h2 class=\"entry-title\"><a href=\"https:\/\/www.riadsanvitolocapo.com\/de\/geschmack-und-traditionen\/aromen-von-san-vito-eine-reise-zwischen-couscous-und-trapaneser-busiate\/\">Aromen von San Vito: Eine Reise zwischen Couscous und Trapaneser Busiate<\/a><\/h2><p class=\"post-meta\"><span class=\"entry-categories\"><a href=\"https:\/\/www.riadsanvitolocapo.com\/de\/category\/geschmack-und-traditionen\/\" rel=\"tag\">Geschmack und Traditionen<\/a><\/span><\/p><div class=\"post-content\"><div class=\"post-content-inner\"><p>Aromen von San Vito: Eine Reise zwischen Couscous und Trapaneser Busiate Die K\u00fcche von San Vito Lo Capo ist ein Knotenpunkt der Kulturen, an dem das Meer auf das Land trifft \u2013 in einer Explosion authentischer Aromen. Wenn Sie im Riad Comfort Rooms \u00fcbernachten,&#8230;<\/p>\n<\/div><\/div><\/article><article class=\"et_pb_post et_pb_post_id_244 clearfix et_pb_blog_item_0_2 post-244 post type-post status-publish format-standard has-post-thumbnail hentry category-kultur-und-reiserouten tag-reiserouten-westsizilien tag-salinen-von-trapani tag-sehenswuerdigkeiten-nahe-san-vito tag-sizilien-tour tag-tempel-von-segesta\"><div class=\"et_pb_image_container\"><a href=\"https:\/\/www.riadsanvitolocapo.com\/de\/kultur-und-reiserouten\/trapani-und-segesta-eine-reise-zwischen-mythos-und-salzlandschaften\/\" class=\"entry-featured-image-url\"><img decoding=\"async\" src=\"https:\/\/www.riadsanvitolocapo.com\/de\/wp-content\/uploads\/sites\/4\/2026\/03\/8-zacken-stern-trapani-segesta-mythos-salzlandschaften-riad-comfort-rooms.png\" width=\"1080\" height=\"1080\" alt=\"8 zacken stern trapani segesta mythos salzlandschaften riad comfort rooms\" class=\"\" title=\"\"><span data-icon=\"\ue050\" class=\"et_overlay et_pb_inline_icon\"><\/span><\/a><\/div><h2 class=\"entry-title\"><a href=\"https:\/\/www.riadsanvitolocapo.com\/de\/kultur-und-reiserouten\/trapani-und-segesta-eine-reise-zwischen-mythos-und-salzlandschaften\/\">Trapani und Segesta: Eine Reise zwischen Mythos und Salzlandschaften<\/a><\/h2><p class=\"post-meta\"><span class=\"entry-categories\"><a href=\"https:\/\/www.riadsanvitolocapo.com\/de\/category\/kultur-und-reiserouten\/\" rel=\"tag\">Kultur und Reiserouten<\/a><\/span><\/p><div class=\"post-content\"><div class=\"post-content-inner\"><p>Trapani und Segesta: Eine Reise zwischen Mythos und Salzlandschaften Ein Aufenthalt im Riad Comfort Rooms bietet Ihnen das Privileg, in kurzer Entfernung zu einigen der wertvollsten Sch\u00e4tze des Mittelmeers zu sein. In weniger als einer Autostunde reisen Sie von den&#8230;<\/p>\n<\/div><\/div><\/article><article class=\"et_pb_post et_pb_post_id_231 clearfix et_pb_blog_item_0_3 post-231 post type-post status-publish format-standard has-post-thumbnail hentry category-region-und-erlebnisse tag-beste-straende-italiens tag-erholungsurlaub tag-meer-sizilien tag-strand-in-50-metern tag-strand-san-vito-lo-capo\"><div class=\"et_pb_image_container\"><a href=\"https:\/\/www.riadsanvitolocapo.com\/de\/region-und-erlebnisse\/strand-san-vito-lo-capo-ein-weisses-paradies-50-meter-vom-riad\/\" class=\"entry-featured-image-url\"><img decoding=\"async\" src=\"https:\/\/www.riadsanvitolocapo.com\/de\/wp-content\/uploads\/sites\/4\/2026\/03\/8-zacken-stern-strand-meer-san-vito-lo-capo-riad-comfort-rooms.png\" width=\"1080\" height=\"1080\" alt=\"8 zacken stern strand meer san vito lo capo riad comfort rooms\" class=\"\" title=\"\"><span data-icon=\"\ue050\" class=\"et_overlay et_pb_inline_icon\"><\/span><\/a><\/div><h2 class=\"entry-title\"><a href=\"https:\/\/www.riadsanvitolocapo.com\/de\/region-und-erlebnisse\/strand-san-vito-lo-capo-ein-weisses-paradies-50-meter-vom-riad\/\">Strand San Vito Lo Capo: Ein wei\u00dfes Paradies 50 Meter vom Riad<\/a><\/h2><p class=\"post-meta\"><span class=\"entry-categories\"><a href=\"https:\/\/www.riadsanvitolocapo.com\/de\/category\/region-und-erlebnisse\/\" rel=\"tag\">Region und Erlebnisse<\/a><\/span><\/p><div class=\"post-content\"><div class=\"post-content-inner\"><p>Strand San Vito Lo Capo: Ein wei\u00dfes Paradies 50 Meter vom Riad Der Strand von San Vito Lo Capo wird regelm\u00e4\u00dfig zu einem der sch\u00f6nsten in Italien und im Mittelmeerraum gew\u00e4hlt. Ein langer Halbmond aus feinem, wei\u00dfem Sand, der sich zwischen dem majest\u00e4tischen Monte&#8230;<\/p>\n<\/div><\/div><\/article><article class=\"et_pb_post et_pb_post_id_222 clearfix et_pb_blog_item_0_4 post-222 post type-post status-publish format-standard has-post-thumbnail hentry category-kultur-und-reiserouten tag-bootsausfluege tag-buchten-sizilien tag-sehenswuerdigkeiten-san-vito tag-trekking-san-vito-lo-capo tag-zingaro-naturreservat\"><div class=\"et_pb_image_container\"><a href=\"https:\/\/www.riadsanvitolocapo.com\/de\/kultur-und-reiserouten\/zingaro-naturreservat-ein-kompletter-fuehrer-zum-naturparadies-siziliens\/\" class=\"entry-featured-image-url\"><img decoding=\"async\" src=\"https:\/\/www.riadsanvitolocapo.com\/de\/wp-content\/uploads\/sites\/4\/2026\/03\/8-zacken-stern-naturschutzgebiet-zingaro-kueste-castellammare-del-golfo-riad-comfort-rooms.png\" width=\"1080\" height=\"1080\" alt=\"8 zacken stern naturschutzgebiet zingaro kueste castellammare del golfo riad comfort rooms\" class=\"\" title=\"\"><span data-icon=\"\ue050\" class=\"et_overlay et_pb_inline_icon\"><\/span><\/a><\/div><h2 class=\"entry-title\"><a href=\"https:\/\/www.riadsanvitolocapo.com\/de\/kultur-und-reiserouten\/zingaro-naturreservat-ein-kompletter-fuehrer-zum-naturparadies-siziliens\/\">Zingaro Naturreservat: Ein kompletter F\u00fchrer zum Naturparadies Siziliens<\/a><\/h2><p class=\"post-meta\"><span class=\"entry-categories\"><a href=\"https:\/\/www.riadsanvitolocapo.com\/de\/category\/kultur-und-reiserouten\/\" rel=\"tag\">Kultur und Reiserouten<\/a><\/span><\/p><div class=\"post-content\"><div class=\"post-content-inner\"><p>Zingaro Naturreservat: Ein kompletter F\u00fchrer zum Naturparadies Siziliens Das Zingaro Naturreservat ist nicht nur ein Touristenziel, sondern ein sinnliches Erlebnis, das die Essenz Westsiziliens definiert. Sieben Kilometer unber\u00fchrte K\u00fcste, an der die mediterrane&#8230;<\/p>\n<\/div><\/div><\/article><\/div><\/div><\/div><\/div><\/div><\/div>\r\n\r\n<div class=\"et_pb_section_2 et_pb_section et_section_regular et_flex_section\">\r\n\r\n<div class=\"et_pb_row_2 et_pb_row et_flex_row\">\r\n\r\n<div class=\"et_pb_column_2 et_pb_column et-last-child et_flex_column et_pb_css_mix_blend_mode_passthrough et_flex_column_24_24 et_flex_column_24_24_tablet et_flex_column_24_24_phone\">\r\n\r\n<div class=\"et_pb_text_1 et_pb_text et_pb_bg_layout_light et_pb_module et_flex_module\"><div class=\"et_pb_text_inner\"><h2 data-path-to-node=\"6\" style=\"text-align: center;\">Warum Sie unseren verl\u00e4sslichen Ratgeber f\u00fcr Westsizilien lesen sollten<\/h2>\n<p data-path-to-node=\"7\" style=\"text-align: center;\">Die sichere Planung eines Aufenthalts in San Vito Lo Capo erfordert die perfekte und entspannende Balance zwischen Erholung, sicheren Entdeckungen und Kultur. Unsere bew\u00e4hrte Mission ist es, Ihnen diese Vorbereitung sp\u00fcrbar zu erleichtern. In unseren fundierten Artikeln f\u00fchren wir Sie pr\u00e4zise \u00fcber die Pfade des Zingaro-Reservats und erkl\u00e4ren Ihnen exakt, wie Sie die klarsten Buchten erreichen und welche Uhrzeiten am besten sind, um die absolute und beruhigende Stille der Natur zu genie\u00dfen. Wir lassen auch den logistischen Aspekt nicht au\u00dfer Acht, der f\u00fcr einen absolut stressfreien Urlaub unerl\u00e4sslich ist: Sie finden bei uns detaillierte und zuverl\u00e4ssige Leitf\u00e4den zur sicheren Parkplatznutzung in San Vito sowie zur reibungslosen Organisation von Transfers von den Flugh\u00e4fen Palermo und Trapani.<\/p>\n<p data-path-to-node=\"8\" style=\"text-align: center;\">Sizilien ist jedoch vor allem ein Land der Emotionen und des bew\u00e4hrten Geschmacks. Wir widmen der Tradition des Couscous gro\u00dfen Raum, erkl\u00e4ren fundiert die Urspr\u00fcnge dieses jahrtausendealten Gerichts und empfehlen Ihnen genau, wo Sie die besten Busiate mit authentischem Trapani-Pesto entspannt genie\u00dfen k\u00f6nnen. Wenn Sie sich f\u00fcr Geschichte interessieren, erm\u00f6glichen Ihnen unsere sorgf\u00e4ltig ausgearbeiteten Reiserouten zum Arch\u00e4ologischen Park von Segesta und zu den Salinen von Trapani, das \u00e4lteste und faszinierendste Gesicht unserer sicheren Provinz zu entdecken. Die Entscheidung f\u00fcr das Riad Comfort Rooms als Ihren verl\u00e4sslichen Ausgangspunkt f\u00fcr Ausfl\u00fcge bedeutet eine Gastfreundschaft, die weit \u00fcber ein einfaches Zimmer hinausgeht: Es ist eine kontinuierliche, kompetente Beratung, um Ihnen h\u00f6chste Qualit\u00e4t und den absoluten Respekt vor Ihrer wertvollen Erholungszeit zu garantieren. Entdecken Sie unsere fundierten Inhalte und bereiten Sie sich beruhigt darauf vor, das Sizilien zu erleben, von dem Sie immer getr\u00e4umt haben \u2013 nur wenige verl\u00e4ssliche Schritte vom sch\u00f6nsten Meer Italiens entfernt.<\/p>\n<\/div><\/div><\/div><\/div><\/div>\r\n\r\n<div class=\"et_pb_section_3 et_pb_section et_section_specialty et_pb_gutters3 et_block_section et_animated section_has_divider et_pb_bottom_divider et_pb_specialty_fullwidth\"><div class=\"et_pb_row et_block_row\">\r\n\r\n<div class=\"et_pb_column_3 et_pb_column et_pb_specialty_column et_pb_column_1_2 et_block_column et_pb_css_mix_blend_mode_passthrough\">\r\n\r\n<div class=\"et_pb_row_inner_0 et_pb_row_inner et_block_row\">\r\n\r\n<div class=\"et_pb_column_inner_0 et_pb_column_inner et_pb_column et_pb_column_4_4 et-last-child et_block_column et_pb_css_mix_blend_mode_passthrough\">\r\n\r\n<div class=\"et_pb_text_2 et_pb_text et_pb_bg_layout_light et_pb_module et_block_module\"><\/div>\r\n\r\n<div class=\"et_pb_text_3 et_pb_text et_pb_bg_layout_light et_pb_module et_block_module\"><div class=\"et_pb_text_inner\"><h2>Riad Comfort Rooms<\/h2>\n<h4>Ihr Urlaub in San Vito Lo Capo<\/h4>\n<h2>\u00dcberpr\u00fcfen Sie Preise und Verf\u00fcgbarkeit in Echtzeit<\/h2>\n<\/div><\/div><\/div><\/div>\r\n\r\n<div class=\"et_pb_row_3 et_pb_row et_flex_row et_animated\">\r\n\r\n<div class=\"et_pb_column_4 et_pb_column et_flex_column et_pb_css_mix_blend_mode_passthrough et_flex_column_3_5 et_flex_column_3_5_tablet et_flex_column_24_24_phone\">\r\n\r\n<div class=\"et_pb_blurb_0 et_pb_blurb et_pb_bg_layout_light et_pb_blurb_position_top et_clickable et_pb_module et_flex_module\"><div class=\"et_pb_blurb_content et_flex_module\"><div class=\"et_pb_blurb_container\"><h3 class=\"et_pb_module_header\">Riad Comfort Rooms<\/h3><div class=\"et_pb_blurb_description\"><div class=\"YFlihe\">\n<div class=\"iAj9Vc\">\n<div class=\"vKmG2c\">Via del Secco, 17, 91030 San Vito Lo Capo TP, Italien<\/div>\n<\/div>\n<div class=\"e0RVke\"><\/div>\n<\/div>\n<div class=\"NB4yxe fontBodyMedium \"><\/div>\n<\/div><\/div><\/div><\/div>\r\n\r\n<div class=\"et_pb_blurb_1 et_pb_blurb et_pb_bg_layout_light et_pb_blurb_position_top et_clickable et_pb_module et_block_module\"><div class=\"et_pb_blurb_content\"><div class=\"et_pb_blurb_container\"><h3 class=\"et_pb_module_header\">KONTAKT<\/h3><div class=\"et_pb_blurb_description\"><p><span style=\"color: #000000;\"><a href=\"tel:+390923972748\" target=\"_blank\" rel=\"noopener\" style=\"color: #000000;\">+39 0923 97 27 48<\/a><\/span><\/p>\n<p><span style=\"color: #000000;\"><a href=\"tel:+393497374521\" target=\"_blank\" rel=\"noopener\" style=\"color: #000000;\">+39 349 7374521<\/a><\/span><\/p>\n<p><span style=\"color: #000000;\"><a href=\"mailto:info@riadsanvitolocapo.it\" target=\"_blank\" rel=\"noopener\" style=\"color: #000000;\">info@riadsanvitolocapo.com<\/a><\/span><\/p>\n<\/div><\/div><\/div><\/div><\/div>\r\n\r\n<div class=\"et_pb_column_5 et_pb_column et-last-child et_flex_column et_pb_css_mix_blend_mode_passthrough et_flex_column_2_5 et_flex_column_2_5_tablet et_flex_column_24_24_phone\">\r\n\r\n<div class=\"et_pb_module et_pb_button_module_wrapper et_pb_button_0_wrapper\"><a class=\"et_pb_button_0 et_pb_button et_pb_bg_layout_light et_animated et_pb_module et_grid_module\" href=\"https:\/\/booking.ericsoft.com\/de\/BookingEngine\/Book?idh=1685F9627E8AD4CE\" target=\"_blank\" rel=\"nofollow noopener\">Preise und Reservierungen<\/a><\/div>\r\n\r\n<ul class=\"et_pb_social_media_follow_0 et_pb_social_media_follow et_pb_bg_layout_light et_animated et_pb_module et_flex_module\">\r\n\r\n<li class=\"et_pb_social_media_follow_network_0 et_pb_social_media_follow_network et_pb_social_icon et_pb_social_network_link et-social-facebook et_pb_module et_flex_module\" aria-label=\"Folgen Sie uns auf Facebook\"><a href=\"https:\/\/www.facebook.com\/riadsanvitolocapo\" class=\"icon\" target=\"_self\" title=\"Auf Facebook folgen\" rel=\"noopener nofollow\"><span class=\"et_pb_social_media_follow_network_name\">Folgen<\/span><\/a><\/li>\r\n\r\n<li class=\"et_pb_social_media_follow_network_1 et_pb_social_media_follow_network et_pb_social_icon et_pb_social_network_link et-social-instagram et_pb_module et_flex_module\" aria-label=\"Folgen Sie uns auf Instagram\"><a href=\"https:\/\/www.instagram.com\/riadcomfortrooms\" class=\"icon\" target=\"_self\" title=\"Auf Instagram folgen\" rel=\"noopener nofollow\"><span class=\"et_pb_social_media_follow_network_name\">Folgen<\/span><\/a><\/li>\r\n\r\n<li class=\"et_pb_social_media_follow_network_2 et_pb_social_media_follow_network et_pb_social_icon et_pb_social_network_link et-pb-social-fa-icon et-social-google et_pb_module et_flex_module\" aria-label=\"Standortkarte des Riad Comfort Rooms\"><a href=\"https:\/\/maps.app.goo.gl\/36VR4F3b1BLRF7JJ8\" class=\"icon\" target=\"_self\" title=\"Auf Google folgen\" rel=\"noopener nofollow\"><span class=\"et_pb_social_media_follow_network_name\">Folgen<\/span><\/a><\/li><\/ul><\/div><\/div><\/div>\r\n\r\n<div class=\"et_pb_column_6 et_pb_column et_pb_column_single et_pb_column_1_2 et-last-child et_block_column et_pb_css_mix_blend_mode_passthrough\">\r\n\r\n<div class=\"et_pb_text_4 et_pb_text et_pb_bg_layout_light et_animated et_clickable et_pb_module et_block_module et_pb_text_align_center\"><div class=\"et_pb_text_inner\"><p>JETZT BUCHEN<\/p>\n<\/div><\/div>\r\n\r\n<div class=\"et_pb_code_0 et_pb_code et_animated et_pb_module\"><div class=\"et_pb_code_inner\"><iframe src=\"https:\/\/www.google.com\/maps\/embed?pb=!1m18!1m12!1m3!1d16297.462527828367!2d12.731574606279382!3d38.17764284911251!2m3!1f0!2f0!3f0!3m2!1i1024!2i768!4f13.1!3m3!1m2!1s0x131976e7a5f18ab5%3A0xa3afb42f89d3efd6!2sRIAD%20Comfort%20Rooms%20-%20San%20Vito%20Lo%20Capo!5e1!3m2!1sit!2sus!4v1772890942751!5m2!1sit!2sus\" width=100% height=\"450\" style=\"border:0;\" allowfullscreen=\"\" loading=\"lazy\" referrerpolicy=\"no-referrer-when-downgrade\"><\/iframe><\/div><\/div><\/div><\/div><div class=\"et_pb_bottom_inside_divider et-no-transition\"><\/div><\/div>","protected":false},"excerpt":{"rendered":"","protected":false},"author":1,"featured_media":103,"parent":0,"menu_order":0,"comment_status":"closed","ping_status":"closed","template":"","meta":{"_et_pb_use_builder":"on","_et_pb_old_content":"","_et_gb_content_width":"","_joinchat":[],"footnotes":""},"class_list":["post-20","page","type-page","status-publish","has-post-thumbnail","hentry"],"_links":{"self":[{"href":"https:\/\/www.riadsanvitolocapo.com\/de\/wp-json\/wp\/v2\/pages\/20","targetHints":{"allow":["GET"]}}],"collection":[{"href":"https:\/\/www.riadsanvitolocapo.com\/de\/wp-json\/wp\/v2\/pages"}],"about":[{"href":"https:\/\/www.riadsanvitolocapo.com\/de\/wp-json\/wp\/v2\/types\/page"}],"author":[{"embeddable":true,"href":"https:\/\/www.riadsanvitolocapo.com\/de\/wp-json\/wp\/v2\/users\/1"}],"replies":[{"embeddable":true,"href":"https:\/\/www.riadsanvitolocapo.com\/de\/wp-json\/wp\/v2\/comments?post=20"}],"version-history":[{"count":4,"href":"https:\/\/www.riadsanvitolocapo.com\/de\/wp-json\/wp\/v2\/pages\/20\/revisions"}],"predecessor-version":[{"id":387,"href":"https:\/\/www.riadsanvitolocapo.com\/de\/wp-json\/wp\/v2\/pages\/20\/revisions\/387"}],"wp:featuredmedia":[{"embeddable":true,"href":"https:\/\/www.riadsanvitolocapo.com\/de\/wp-json\/wp\/v2\/media\/103"}],"wp:attachment":[{"href":"https:\/\/www.riadsanvitolocapo.com\/de\/wp-json\/wp\/v2\/media?parent=20"}],"curies":[{"name":"wp","href":"https:\/\/api.w.org\/{rel}","templated":true}]}}