{"id":216,"date":"2026-03-17T15:02:45","date_gmt":"2026-03-17T14:02:45","guid":{"rendered":"https:\/\/www.riadsanvitolocapo.com\/de\/?page_id=216"},"modified":"2026-03-21T16:01:17","modified_gmt":"2026-03-21T15:01:17","slug":"impressum","status":"publish","type":"page","link":"https:\/\/www.riadsanvitolocapo.com\/de\/impressum\/","title":{"rendered":"Impressum"},"content":{"rendered":"\r\n\r\n<div class=\"et_pb_section_0 et_pb_section et_section_regular et_block_section\">\r\n\r\n<div class=\"et_pb_row_0 et_pb_row et_block_row\">\r\n\r\n<div class=\"et_pb_column_0 et_pb_column et_pb_column_4_4 et-last-child et_block_column et_pb_css_mix_blend_mode_passthrough\">\r\n\r\n<div class=\"et_pb_text_0 et_pb_text et_pb_bg_layout_light et_pb_module et_block_module\"><div class=\"et_pb_text_inner\"><h3 data-path-to-node=\"0\">Impressum (DE)<\/h3>\n<p data-path-to-node=\"1\"><b data-path-to-node=\"1\" data-index-in-node=\"0\">Angaben gem\u00e4\u00df \u00a7 5 TMG:<\/b><\/p>\n<p data-path-to-node=\"2\"><b data-path-to-node=\"2\" data-index-in-node=\"0\">Unternehmen:<\/b> VACANZEDAMARE SRL Riad Comfort Rooms 3*<\/p>\n<p data-path-to-node=\"3\"><b data-path-to-node=\"3\" data-index-in-node=\"0\">Vertreten durch (Gesch\u00e4ftsf\u00fchrer):<\/b> Francesco Graziano<\/p>\n<p data-path-to-node=\"4\"><b data-path-to-node=\"4\" data-index-in-node=\"0\">Sitz der Gesellschaft:<\/b> Via Del Secco 17\/19 91030 San Vito Lo Capo (TP), Italien<\/p>\n<p data-path-to-node=\"5\"><b data-path-to-node=\"5\" data-index-in-node=\"0\">Kontakt:<\/b> Telefon: +390923972748 E-Mail: info@riadsanvitolocapo.com<\/p>\n<p data-path-to-node=\"6\"><b data-path-to-node=\"6\" data-index-in-node=\"0\">Registereintrag:<\/b> Eintragung im italienischen Wirtschafts- und Verwaltungsregister (REA). Registernummer: TP-177622 (Handelskammer Trapani)<\/p>\n<p data-path-to-node=\"7\"><b data-path-to-node=\"7\" data-index-in-node=\"0\">Umsatzsteuer-ID:<\/b> Umsatzsteuer-Identifikationsnummer: IT02526610817<\/p>\n<p data-path-to-node=\"8\"><b data-path-to-node=\"8\" data-index-in-node=\"0\">Wirtschaftszweig (Codice ATECO):<\/b> 55.20.42<\/p>\n<\/div><\/div><\/div><\/div><\/div>\r\n\r\n<div class=\"et_pb_section_1 et_pb_section et_section_specialty et_pb_gutters3 et_block_section et_animated section_has_divider et_pb_bottom_divider et_pb_specialty_fullwidth\"><div class=\"et_pb_row et_block_row\">\r\n\r\n<div class=\"et_pb_column_1 et_pb_column et_pb_specialty_column et_pb_column_1_2 et_block_column et_pb_css_mix_blend_mode_passthrough\">\r\n\r\n<div class=\"et_pb_row_inner_0 et_pb_row_inner et_block_row\">\r\n\r\n<div class=\"et_pb_column_inner_0 et_pb_column_inner et_pb_column et_pb_column_4_4 et-last-child et_block_column et_pb_css_mix_blend_mode_passthrough\">\r\n\r\n<div class=\"et_pb_text_1 et_pb_text et_pb_bg_layout_light et_pb_module et_block_module\"><\/div>\r\n\r\n<div class=\"et_pb_text_2 et_pb_text et_pb_bg_layout_light et_pb_module et_block_module\"><div class=\"et_pb_text_inner\"><h2>Riad Comfort Rooms<\/h2>\n<h4>Ihr Urlaub in San Vito Lo Capo<\/h4>\n<h2>\u00dcberpr\u00fcfen Sie Preise und Verf\u00fcgbarkeit in Echtzeit<\/h2>\n<\/div><\/div><\/div><\/div>\r\n\r\n<div class=\"et_pb_row_1 et_pb_row et_flex_row et_animated\">\r\n\r\n<div class=\"et_pb_column_2 et_pb_column et_flex_column et_pb_css_mix_blend_mode_passthrough et_flex_column_3_5 et_flex_column_3_5_tablet et_flex_column_24_24_phone\">\r\n\r\n<div class=\"et_pb_blurb_0 et_pb_blurb et_pb_bg_layout_light et_pb_blurb_position_top et_clickable et_pb_module et_flex_module\"><div class=\"et_pb_blurb_content et_flex_module\"><div class=\"et_pb_blurb_container\"><h3 class=\"et_pb_module_header\">Riad Comfort Rooms<\/h3><div class=\"et_pb_blurb_description\"><div class=\"YFlihe\">\n<div class=\"iAj9Vc\">\n<div class=\"vKmG2c\">Via del Secco, 17, 91030 San Vito Lo Capo TP, Italien<\/div>\n<\/div>\n<div class=\"e0RVke\"><\/div>\n<\/div>\n<div class=\"NB4yxe fontBodyMedium \"><\/div>\n<\/div><\/div><\/div><\/div>\r\n\r\n<div class=\"et_pb_blurb_1 et_pb_blurb et_pb_bg_layout_light et_pb_blurb_position_top et_clickable et_pb_module et_block_module\"><div class=\"et_pb_blurb_content\"><div class=\"et_pb_blurb_container\"><h3 class=\"et_pb_module_header\">KONTAKT<\/h3><div class=\"et_pb_blurb_description\"><p><span style=\"color: #000000;\"><a href=\"tel:+390923972748\" target=\"_blank\" rel=\"noopener\" style=\"color: #000000;\">+39 0923 97 27 48<\/a><\/span><\/p>\n<p><span style=\"color: #000000;\"><a href=\"tel:+393497374521\" target=\"_blank\" rel=\"noopener\" style=\"color: #000000;\">+39 349 7374521<\/a><\/span><\/p>\n<p><span style=\"color: #000000;\"><a href=\"mailto:info@riadsanvitolocapo.it\" target=\"_blank\" rel=\"noopener\" style=\"color: #000000;\">info@riadsanvitolocapo.com<\/a><\/span><\/p>\n<\/div><\/div><\/div><\/div><\/div>\r\n\r\n<div class=\"et_pb_column_3 et_pb_column et-last-child et_flex_column et_pb_css_mix_blend_mode_passthrough et_flex_column_2_5 et_flex_column_2_5_tablet et_flex_column_24_24_phone\">\r\n\r\n<div class=\"et_pb_module et_pb_button_module_wrapper et_pb_button_0_wrapper\"><a class=\"et_pb_button_0 et_pb_button et_pb_bg_layout_light et_animated et_pb_module et_grid_module\" href=\"https:\/\/booking.ericsoft.com\/de\/BookingEngine\/Book?idh=1685F9627E8AD4CE\" target=\"_blank\" rel=\"nofollow noopener\">Preise und Reservierungen<\/a><\/div>\r\n\r\n<ul class=\"et_pb_social_media_follow_0 et_pb_social_media_follow et_pb_bg_layout_light et_animated et_pb_module et_flex_module\">\r\n\r\n<li class=\"et_pb_social_media_follow_network_0 et_pb_social_media_follow_network et_pb_social_icon et_pb_social_network_link et-social-facebook et_pb_module et_flex_module\" aria-label=\"Folgen Sie uns auf Facebook\"><a href=\"https:\/\/www.facebook.com\/riadsanvitolocapo\" class=\"icon\" target=\"_self\" title=\"Auf Facebook folgen\" rel=\"noopener nofollow\"><span class=\"et_pb_social_media_follow_network_name\">Folgen<\/span><\/a><\/li>\r\n\r\n<li class=\"et_pb_social_media_follow_network_1 et_pb_social_media_follow_network et_pb_social_icon et_pb_social_network_link et-social-instagram et_pb_module et_flex_module\" aria-label=\"Folgen Sie uns auf Instagram\"><a href=\"https:\/\/www.instagram.com\/riadcomfortrooms\" class=\"icon\" target=\"_self\" title=\"Auf Instagram folgen\" rel=\"noopener nofollow\"><span class=\"et_pb_social_media_follow_network_name\">Folgen<\/span><\/a><\/li>\r\n\r\n<li class=\"et_pb_social_media_follow_network_2 et_pb_social_media_follow_network et_pb_social_icon et_pb_social_network_link et-pb-social-fa-icon et-social-google et_pb_module et_flex_module\" aria-label=\"Standortkarte des Riad Comfort Rooms\"><a href=\"https:\/\/maps.app.goo.gl\/36VR4F3b1BLRF7JJ8\" class=\"icon\" target=\"_self\" title=\"Auf Google folgen\" rel=\"noopener nofollow\"><span class=\"et_pb_social_media_follow_network_name\">Folgen<\/span><\/a><\/li><\/ul><\/div><\/div><\/div>\r\n\r\n<div class=\"et_pb_column_4 et_pb_column et_pb_column_single et_pb_column_1_2 et-last-child et_block_column et_pb_css_mix_blend_mode_passthrough\">\r\n\r\n<div class=\"et_pb_text_3 et_pb_text et_pb_bg_layout_light et_animated et_clickable et_pb_module et_block_module et_pb_text_align_center\"><div class=\"et_pb_text_inner\"><p>JETZT BUCHEN<\/p>\n<\/div><\/div>\r\n\r\n<div class=\"et_pb_code_0 et_pb_code et_animated et_pb_module\"><div class=\"et_pb_code_inner\"><iframe src=\"https:\/\/www.google.com\/maps\/embed?pb=!1m18!1m12!1m3!1d16297.462527828367!2d12.731574606279382!3d38.17764284911251!2m3!1f0!2f0!3f0!3m2!1i1024!2i768!4f13.1!3m3!1m2!1s0x131976e7a5f18ab5%3A0xa3afb42f89d3efd6!2sRIAD%20Comfort%20Rooms%20-%20San%20Vito%20Lo%20Capo!5e1!3m2!1sit!2sus!4v1772890942751!5m2!1sit!2sus\" width=100% height=\"450\" style=\"border:0;\" allowfullscreen=\"\" loading=\"lazy\" referrerpolicy=\"no-referrer-when-downgrade\"><\/iframe><\/div><\/div><\/div><\/div><div class=\"et_pb_bottom_inside_divider et-no-transition\"><\/div><\/div>","protected":false},"excerpt":{"rendered":"","protected":false},"author":1,"featured_media":78,"parent":0,"menu_order":0,"comment_status":"closed","ping_status":"closed","template":"","meta":{"_et_pb_use_builder":"on","_et_pb_old_content":"<h3 data-path-to-node=\"0\">Impressum (DE)<\/h3>\r\n<p data-path-to-node=\"1\"><b data-path-to-node=\"1\" data-index-in-node=\"0\">Angaben gem\u00e4\u00df \u00a7 5 TMG:<\/b><\/p>\r\n<p data-path-to-node=\"2\"><b data-path-to-node=\"2\" data-index-in-node=\"0\">Unternehmen:<\/b> VACANZEDAMARE SRL Riad Comfort Rooms 3*<\/p>\r\n<p data-path-to-node=\"3\"><b data-path-to-node=\"3\" data-index-in-node=\"0\">Vertreten durch (Gesch\u00e4ftsf\u00fchrer):<\/b> Francesco Graziano<\/p>\r\n<p data-path-to-node=\"4\"><b data-path-to-node=\"4\" data-index-in-node=\"0\">Sitz der Gesellschaft:<\/b> Via Del Secco 17\/19 91030 San Vito Lo Capo (TP), Italien<\/p>\r\n<p data-path-to-node=\"5\"><b data-path-to-node=\"5\" data-index-in-node=\"0\">Kontakt:<\/b> Telefon: +390923972748 E-Mail: info@riadsanvitolocapo.com<\/p>\r\n<p data-path-to-node=\"6\"><b data-path-to-node=\"6\" data-index-in-node=\"0\">Registereintrag:<\/b> Eintragung im italienischen Wirtschafts- und Verwaltungsregister (REA). Registernummer: TP-177622 (Handelskammer Trapani)<\/p>\r\n<p data-path-to-node=\"7\"><b data-path-to-node=\"7\" data-index-in-node=\"0\">Umsatzsteuer-ID:<\/b> Umsatzsteuer-Identifikationsnummer: IT02526610817<\/p>\r\n<p data-path-to-node=\"8\"><b data-path-to-node=\"8\" data-index-in-node=\"0\">Wirtschaftszweig (Codice ATECO):<\/b> 55.20.42<\/p>","_et_gb_content_width":"","_joinchat":[],"footnotes":""},"class_list":["post-216","page","type-page","status-publish","has-post-thumbnail","hentry"],"_links":{"self":[{"href":"https:\/\/www.riadsanvitolocapo.com\/de\/wp-json\/wp\/v2\/pages\/216","targetHints":{"allow":["GET"]}}],"collection":[{"href":"https:\/\/www.riadsanvitolocapo.com\/de\/wp-json\/wp\/v2\/pages"}],"about":[{"href":"https:\/\/www.riadsanvitolocapo.com\/de\/wp-json\/wp\/v2\/types\/page"}],"author":[{"embeddable":true,"href":"https:\/\/www.riadsanvitolocapo.com\/de\/wp-json\/wp\/v2\/users\/1"}],"replies":[{"embeddable":true,"href":"https:\/\/www.riadsanvitolocapo.com\/de\/wp-json\/wp\/v2\/comments?post=216"}],"version-history":[{"count":6,"href":"https:\/\/www.riadsanvitolocapo.com\/de\/wp-json\/wp\/v2\/pages\/216\/revisions"}],"predecessor-version":[{"id":440,"href":"https:\/\/www.riadsanvitolocapo.com\/de\/wp-json\/wp\/v2\/pages\/216\/revisions\/440"}],"wp:featuredmedia":[{"embeddable":true,"href":"https:\/\/www.riadsanvitolocapo.com\/de\/wp-json\/wp\/v2\/media\/78"}],"wp:attachment":[{"href":"https:\/\/www.riadsanvitolocapo.com\/de\/wp-json\/wp\/v2\/media?parent=216"}],"curies":[{"name":"wp","href":"https:\/\/api.w.org\/{rel}","templated":true}]}}