{"id":75,"date":"2026-03-16T11:45:58","date_gmt":"2026-03-16T10:45:58","guid":{"rendered":"https:\/\/www.riadsanvitolocapo.com\/de\/?page_id=75"},"modified":"2026-03-16T11:46:37","modified_gmt":"2026-03-16T10:46:37","slug":"privacy-policy","status":"publish","type":"page","link":"https:\/\/www.riadsanvitolocapo.com\/de\/privacy-policy\/","title":{"rendered":"Privacy Policy"},"content":{"rendered":"\r\n<h2 class=\"wp-block-heading\">\u00dcber uns<\/h2>\r\n<p>Unsere Website-Adresse lautet: https:\/\/www.riadsanvitolocapo.com\/de<\/p>\r\n<h2>Kommentare<\/h2>\r\n<p>Wenn Besucher Kommentare auf unserer Website hinterlassen, erfassen wir die im Kommentarformular angegebenen Daten sowie die IP-Adresse und den Browser-User-Agent des Besuchers, um Spam zu erkennen.<\/p>\r\n<p>Eine anonymisierte Zeichenfolge, die aus Ihrer E-Mail-Adresse erstellt wird (auch Hash genannt), kann an den Gravatar-Dienst \u00fcbermittelt werden, um zu pr\u00fcfen, ob Sie diesen nutzen. Die Datenschutzrichtlinie von Gravatar finden Sie hier: https:\/\/automattic.com\/privacy\/. Nach Freigabe Ihres Kommentars ist Ihr Profilbild im Kontext Ihres Kommentars \u00f6ffentlich sichtbar.<\/p>\r\n<h2>Medien<\/h2>\r\n<p>Wenn Sie Bilder auf unsere Website hochladen, vermeiden Sie bitte Bilder mit eingebetteten Standortdaten (EXIF-GPS). Besucher unserer Website k\u00f6nnen Standortdaten aus Bildern extrahieren.<\/p>\r\n<h2>Cookies<\/h2>\r\n<p>Wenn Sie einen Kommentar auf unserer Website hinterlassen, k\u00f6nnen Sie Ihren Namen, Ihre E-Mail-Adresse und Ihre Website-Adresse in Cookies speichern lassen. Diese Cookies dienen Ihrem Komfort, damit Sie Ihre Daten nicht erneut eingeben m\u00fcssen, wenn Sie einen weiteren Kommentar hinterlassen. Diese Cookies sind ein Jahr lang g\u00fcltig.<\/p>\r\n<p>Wenn Sie die Anmeldeseite besuchen, setzen wir ein tempor\u00e4res Cookie, um festzustellen, ob Ihr Browser Cookies akzeptiert. Dieses Cookie enth\u00e4lt keine personenbezogenen Daten und wird beim Schlie\u00dfen des Browsers gel\u00f6scht.<\/p>\r\n<p>Wenn Sie sich anmelden, setzen wir au\u00dferdem mehrere Cookies, um Ihre Anmeldeinformationen und Ihre Bildschirmeinstellungen zu speichern. Anmelde-Cookies sind zwei Tage g\u00fcltig, Cookies f\u00fcr Bildschirmeinstellungen ein Jahr. Wenn Sie \u201eAngemeldet bleiben\u201c ausw\u00e4hlen, bleibt Ihre Anmeldung zwei Wochen lang bestehen. Wenn Sie sich von Ihrem Konto abmelden, werden die Anmelde-Cookies gel\u00f6scht.<\/p>\r\n<p>Wenn Sie einen Artikel bearbeiten oder ver\u00f6ffentlichen, wird ein zus\u00e4tzliches Cookie in Ihrem Browser gespeichert. Dieses Cookie enth\u00e4lt keine personenbezogenen Daten und gibt lediglich die Beitrags-ID des bearbeiteten Artikels an. Es ist einen Tag lang g\u00fcltig.<\/p>\r\n<h2>Eingebettete Inhalte von anderen Websites<\/h2>\r\n<p>Artikel auf dieser Website k\u00f6nnen eingebettete Inhalte (z. B. Videos, Bilder, Artikel usw.) enthalten. Eingebettete Inhalte von anderen Websites verhalten sich genauso, als ob der Besucher die jeweilige Website direkt besucht h\u00e4tte.<\/p>\r\n<p>Diese Websites k\u00f6nnen Daten \u00fcber Sie sammeln, Cookies verwenden, zus\u00e4tzliche Tracking-Technologien von Drittanbietern einbetten und Ihre Interaktion mit diesen Inhalten \u00fcberwachen. Dies schlie\u00dft auch die \u00dcberwachung Ihrer Interaktion mit den eingebetteten Inhalten ein, wenn Sie ein Konto besitzen und auf der jeweiligen Website angemeldet sind.<\/p>\r\n<h2>An wen wir Ihre Daten weitergeben<\/h2>\r\n<p>Wenn Sie ein neues Passwort anfordern, wird Ihre IP-Adresse in der E-Mail zum Zur\u00fccksetzen des Passworts angegeben.<\/p>\r\n<h2>Wie lange wir Ihre Daten speichern<\/h2>\r\n<p>Wenn Sie einen Kommentar hinterlassen, werden der Kommentar und seine Metadaten dauerhaft gespeichert. So k\u00f6nnen wir Folgekommentare automatisch erkennen und freigeben, anstatt sie in einer Moderationswarteschlange zu speichern.<\/p>\r\n<p>F\u00fcr Benutzer, die sich auf unserer Website registrieren (sofern vorhanden), speichern wir die von ihnen angegebenen pers\u00f6nlichen Daten in ihrem Benutzerprofil. Alle Benutzer k\u00f6nnen ihre pers\u00f6nlichen Daten jederzeit einsehen, bearbeiten oder l\u00f6schen (mit Ausnahme ihres Benutzernamens, der nicht ge\u00e4ndert werden kann). Website-Administratoren k\u00f6nnen diese Informationen ebenfalls einsehen und bearbeiten.<\/p>\r\n<h2>Welche Rechte Sie an Ihren Daten haben<\/h2>\r\n<p>Wenn Sie ein Konto auf dieser Website haben oder Kommentare hinterlassen haben, k\u00f6nnen Sie eine exportierte Datei mit Ihren bei uns gespeicherten personenbezogenen Daten anfordern, einschlie\u00dflich aller Daten, die Sie uns bereitgestellt haben. Sie k\u00f6nnen auch die L\u00f6schung Ihrer bei uns gespeicherten personenbezogenen Daten beantragen. Dies gilt nicht f\u00fcr Daten, die wir aus administrativen, rechtlichen oder Sicherheitsgr\u00fcnden aufbewahren m\u00fcssen.<\/p>\r\n<h2>Wohin Ihre Daten gesendet werden<\/h2>\r\n<p>Besucherkommentare k\u00f6nnen durch einen automatisierten Spam-Erkennungsdienst gepr\u00fcft werden.<\/p>","protected":false},"excerpt":{"rendered":"<p>\u00dcber uns Unsere Website-Adresse lautet: https:\/\/www.riadsanvitolocapo.com\/de Kommentare Wenn Besucher Kommentare auf unserer Website hinterlassen, erfassen wir die im Kommentarformular angegebenen Daten sowie die IP-Adresse und den Browser-User-Agent des Besuchers, um Spam zu erkennen. Eine anonymisierte Zeichenfolge, die aus Ihrer E-Mail-Adresse erstellt wird (auch Hash genannt), kann an den Gravatar-Dienst \u00fcbermittelt werden, um zu pr\u00fcfen, ob [&hellip;]<\/p>\n","protected":false},"author":1,"featured_media":78,"parent":0,"menu_order":0,"comment_status":"closed","ping_status":"closed","template":"","meta":{"_et_pb_use_builder":"","_et_pb_old_content":"","_et_gb_content_width":"","_joinchat":[],"footnotes":""},"class_list":["post-75","page","type-page","status-publish","has-post-thumbnail","hentry"],"_links":{"self":[{"href":"https:\/\/www.riadsanvitolocapo.com\/de\/wp-json\/wp\/v2\/pages\/75","targetHints":{"allow":["GET"]}}],"collection":[{"href":"https:\/\/www.riadsanvitolocapo.com\/de\/wp-json\/wp\/v2\/pages"}],"about":[{"href":"https:\/\/www.riadsanvitolocapo.com\/de\/wp-json\/wp\/v2\/types\/page"}],"author":[{"embeddable":true,"href":"https:\/\/www.riadsanvitolocapo.com\/de\/wp-json\/wp\/v2\/users\/1"}],"replies":[{"embeddable":true,"href":"https:\/\/www.riadsanvitolocapo.com\/de\/wp-json\/wp\/v2\/comments?post=75"}],"version-history":[{"count":2,"href":"https:\/\/www.riadsanvitolocapo.com\/de\/wp-json\/wp\/v2\/pages\/75\/revisions"}],"predecessor-version":[{"id":80,"href":"https:\/\/www.riadsanvitolocapo.com\/de\/wp-json\/wp\/v2\/pages\/75\/revisions\/80"}],"wp:featuredmedia":[{"embeddable":true,"href":"https:\/\/www.riadsanvitolocapo.com\/de\/wp-json\/wp\/v2\/media\/78"}],"wp:attachment":[{"href":"https:\/\/www.riadsanvitolocapo.com\/de\/wp-json\/wp\/v2\/media?parent=75"}],"curies":[{"name":"wp","href":"https:\/\/api.w.org\/{rel}","templated":true}]}}