{"id":88,"date":"2026-03-16T14:10:23","date_gmt":"2026-03-16T13:10:23","guid":{"rendered":"https:\/\/www.riadsanvitolocapo.com\/de\/?page_id=88"},"modified":"2026-03-21T12:48:50","modified_gmt":"2026-03-21T11:48:50","slug":"kontakt","status":"publish","type":"page","link":"https:\/\/www.riadsanvitolocapo.com\/de\/kontakt\/","title":{"rendered":"Kontakt"},"content":{"rendered":"\r\n\r\n<div class=\"et_pb_section_0 et_pb_section et_section_regular et_block_section section_has_divider et_pb_top_divider\"><div class=\"et_pb_top_inside_divider et-no-transition\"><\/div><\/div>\r\n\r\n<div class=\"et_pb_section_1 et_pb_section et_section_specialty et_pb_gutters3 et_block_section et_pb_specialty_fullwidth\"><div class=\"et_pb_row et_block_row\">\r\n\r\n<div class=\"et_pb_column_0 et_pb_column et_pb_specialty_column et_pb_column_1_2 et_block_column et_pb_css_mix_blend_mode_passthrough\">\r\n\r\n<div class=\"et_pb_row_inner_0 et_pb_row_inner et_block_row\">\r\n\r\n<div class=\"et_pb_column_inner_0 et_pb_column_inner et_pb_column et_pb_column_4_4 et-last-child et_block_column et_pb_css_mix_blend_mode_passthrough\">\r\n\r\n<div class=\"et_pb_text_0 et_pb_text et_pb_bg_layout_light et_pb_module et_block_module\"><\/div>\r\n\r\n<div class=\"et_pb_text_1 et_pb_text et_pb_bg_layout_light et_pb_module et_block_module\"><div class=\"et_pb_text_inner\"><h1>Kontaktieren Sie das Riad Comfort Rooms<\/h1>\n<h2>Ihr garantierter Ruhepol am Mittelmeer erwartet Sie.<\/h2>\n<h3>Sie sind nur noch einen sicheren Schritt vom Herzen in San Vito Lo Capo entfernt. Schreiben Sie uns, um Ihren entspannten Aufenthalt exakt nach Ihren W\u00fcnschen abzustimmen.<\/h3>\n<\/div><\/div><\/div><\/div>\r\n\r\n<div class=\"et_pb_row_0 et_pb_row et_flex_row et_animated\">\r\n\r\n<div class=\"et_pb_column_1 et_pb_column et_flex_column et_pb_css_mix_blend_mode_passthrough et_flex_column_3_5 et_flex_column_3_5_tablet et_flex_column_24_24_phone\">\r\n\r\n<div class=\"et_pb_blurb_0 et_pb_blurb et_pb_bg_layout_light et_pb_blurb_position_top et_clickable et_pb_module et_flex_module\"><div class=\"et_pb_blurb_content et_flex_module\"><div class=\"et_pb_blurb_container\"><h3 class=\"et_pb_module_header\">Riad Comfort Rooms<\/h3><div class=\"et_pb_blurb_description\"><div class=\"YFlihe\">\n<div class=\"iAj9Vc\">\n<div class=\"vKmG2c\">Via del Secco, 17, 91030 San Vito Lo Capo TP, Italien<\/div>\n<\/div>\n<div class=\"e0RVke\"><\/div>\n<\/div>\n<div class=\"NB4yxe fontBodyMedium \"><\/div>\n<\/div><\/div><\/div><\/div>\r\n\r\n<div class=\"et_pb_blurb_1 et_pb_blurb et_pb_bg_layout_light et_pb_blurb_position_top et_clickable et_pb_module et_block_module\"><div class=\"et_pb_blurb_content\"><div class=\"et_pb_blurb_container\"><h3 class=\"et_pb_module_header\">Kontakt<\/h3><div class=\"et_pb_blurb_description\"><p><span style=\"color: #000000;\"><a href=\"tel:+390923972748\" target=\"_blank\" rel=\"noopener\" style=\"color: #000000;\">+39 0923 97 27 48<\/a><\/span><\/p>\n<p><span style=\"color: #000000;\"><a href=\"tel:+393497374521\" target=\"_blank\" rel=\"noopener\" style=\"color: #000000;\">+39 349 7374521<\/a><\/span><\/p>\n<p><span style=\"color: #000000;\"><a href=\"mailto:info@riadsanvitolocapo.it\" target=\"_blank\" rel=\"noopener\" style=\"color: #000000;\">info@riadsanvitolocapo.com<\/a><\/span><\/p>\n<\/div><\/div><\/div><\/div><\/div>\r\n\r\n<div class=\"et_pb_column_2 et_pb_column et-last-child et_flex_column et_pb_css_mix_blend_mode_passthrough et_flex_column_2_5 et_flex_column_2_5_tablet et_flex_column_24_24_phone\">\r\n\r\n<div class=\"et_pb_module et_pb_button_module_wrapper et_pb_button_0_wrapper\"><a class=\"et_pb_button_0 et_pb_button et_pb_bg_layout_dark et_animated et_pb_module et_grid_module\" href=\"tel:+390923972748\" target=\"_blank\">Direktes Festnetz<\/a><\/div>\r\n\r\n<div class=\"et_pb_module et_pb_button_module_wrapper et_pb_button_1_wrapper\"><a class=\"et_pb_button_1 et_pb_button et_pb_bg_layout_dark et_animated et_pb_module et_grid_module\" href=\"tel:+393497374521\" target=\"_blank\">Verl\u00e4sslicher Mobilkontakt<\/a><\/div>\r\n\r\n<div class=\"et_pb_module et_pb_button_module_wrapper et_pb_button_2_wrapper\"><a class=\"et_pb_button_2 et_pb_button et_pb_bg_layout_dark et_animated et_pb_module et_grid_module\" href=\"mailto:info@riadsanvitolocapo.it\" target=\"_blank\">Sichere E-Mail<\/a><\/div><\/div><\/div><\/div>\r\n\r\n<div class=\"et_pb_column_3 et_pb_column et_pb_column_single et_pb_column_1_2 et-last-child et_block_column et_pb_css_mix_blend_mode_passthrough\">\r\n\r\n<div class=\"et_pb_text_2 et_pb_text et_pb_bg_layout_light et_animated et_clickable et_pb_module et_block_module et_pb_text_align_center\"><div class=\"et_pb_text_inner\"><p>JETZT BUCHEN<\/p>\n<\/div><\/div>\r\n\r\n<div class=\"et_pb_code_0 et_pb_code et_animated et_pb_module\"><div class=\"et_pb_code_inner\"><iframe src=\"https:\/\/www.google.com\/maps\/embed?pb=!4v1773140137350!6m8!1m7!1sCAoSFkNJSE0wb2dLRUlDQWdJRGM4N1R5ZEE.!2m2!1d38.17488467436171!2d12.73860252771159!3f5.823681678073038!4f-0.34774926046432597!5f0.4000000000000002\" width=100% height=\"450\" style=\"border:0;\" allowfullscreen=\"\" loading=\"lazy\" referrerpolicy=\"no-referrer-when-downgrade\"><\/iframe><\/div><\/div>\r\n\r\n<div class=\"et_pb_text_3 et_pb_text et_pb_bg_layout_light et_pb_module et_flex_module\"><div class=\"et_pb_text_inner\"><h3 style=\"text-align: center;\"><strong>Sicherer Virtueller Rundgang<\/strong><\/h3>\n<p style=\"text-align: center;\">Wir bieten Ihnen einen ersten, verl\u00e4sslichen Einblick in unsere entspannenden R\u00e4umlichkeiten. Wir arbeiten bereits pr\u00e4zise an einem neuen, hochaufl\u00f6senden und immersiven Erlebnis, um Ihnen jedes durchdachte Detail unserer authentischen arabisch-sizilianischen Gastfreundschaft transparent und realit\u00e4tsnah zu pr\u00e4sentieren.<\/p>\n<\/div><\/div><\/div><\/div><\/div>\r\n\r\n<div class=\"et_pb_section_2 et_pb_section et_section_regular et_flex_section\">\r\n\r\n<div class=\"et_pb_row_1 et_pb_row et_flex_row\">\r\n\r\n<div class=\"et_pb_column_4 et_pb_column et-last-child et_flex_column et_pb_css_mix_blend_mode_passthrough et_flex_column_24_24 et_flex_column_24_24_tablet et_flex_column_24_24_phone\">\r\n\r\n<div class=\"et_pb_divider_0 et_pb_divider et_pb_space et_pb_divider_position_top et_pb_module\"><div class=\"et_pb_divider_internal\"><\/div><\/div><\/div><\/div><\/div>\r\n\r\n<div class=\"et_pb_section_3 et_pb_section et_section_regular et_flex_section\">\r\n\r\n<div class=\"et_pb_row_2 et_pb_row et_flex_row\">\r\n\r\n<div class=\"et_pb_column_5 et_pb_column et_flex_column et_pb_css_mix_blend_mode_passthrough et_flex_column_12_24 et_flex_column_12_24_tablet et_flex_column_24_24_phone\">\r\n\r\n<div class=\"et_pb_text_4 et_pb_text et_pb_bg_layout_light et_pb_module et_flex_module\"><div class=\"et_pb_text_inner\"><h3 data-path-to-node=\"7\">Zuverl\u00e4ssige Betreuung &amp; Direkte Buchung<\/h3>\n<p data-path-to-node=\"8\">Unser engagiertes Team steht Ihnen jederzeit zur Verf\u00fcgung, um Ihren Urlaub in San Vito Lo Capo absolut entspannt und perfekt zu gestalten. Wenn Sie sicher direkt \u00fcber unsere Website oder per Nachricht buchen, garantieren wir Ihnen den absolut besten Tarif und einen direkten, pers\u00f6nlichen Kontakt zu unserer Rezeption f\u00fcr all Ihre speziellen W\u00fcnsche.<\/p>\n<p data-path-to-node=\"9\">Warum uns schreiben?<\/p>\n<ul>\n<li data-path-to-node=\"9\"><strong>Schnelle und verl\u00e4ssliche Antwort: <\/strong>Wir bearbeiten jede Ihrer Anfragen pr\u00e4zise innerhalb weniger Stunden.<\/li>\n<li data-path-to-node=\"10\"><strong>Gepr\u00fcfte lokale Empfehlungen:<\/strong> Wir unterst\u00fctzen Sie kompetent bei der sicheren Planung von Ausfl\u00fcgen und Transfers zum oder vom Flughafen Trapani oder Palermo.<\/li>\n<li data-path-to-node=\"10\"><strong>Ma\u00dfgeschneiderte Angebote:<\/strong> Garantierte, exklusive Preisvorteile f\u00fcr l\u00e4ngere Aufenthalte oder Gruppen.<\/li>\n<\/ul>\n<\/div><\/div><\/div>\r\n\r\n<div class=\"et_pb_column_6 et_pb_column et-last-child et_flex_column et_pb_css_mix_blend_mode_passthrough et_flex_column_12_24 et_flex_column_12_24_tablet et_flex_column_24_24_phone\">\r\n\r\n<div class=\"et_pb_contact_form_0 et_pb_contact_form_container clearfix et_pb_recaptcha_enabled et_pb_module et_flex_module\" data-form_unique_num=\"0\" data-form_unique_id=\"0224db87-60b0-484f-9fe0-372990be1717\" id=\"et_pb_contact_form_0224db87-60b0-484f-9fe0-372990be1717\"><h3 class=\"et_pb_contact_main_title\">Senden Sie Ihre verl\u00e4ssliche Anfrage<\/h3><div class=\"et-pb-contact-message\"><\/div><div class=\"et_pb_contact\"><form class=\"et_pb_contact_form et_flex_module\" method=\"post\" action=\"https:\/\/www.riadsanvitolocapo.com\/de\/wp-json\/wp\/v2\/pages\/88\">\r\n\r\n<div class=\"et_pb_contact_field_0 et_pb_contact_field et_pb_module et_flex_module et_flex_column_12_24 et_flex_column_12_24_tablet et_flex_column_12_24_phone\" data-id=\"name\" data-type=\"input\" aria-label=\"nome del mittente del messaggio\"><label class=\"et_pb_contact_form_label\" for=\"et_pb_contact_0_name_0\">Vorname<\/label><input type=\"text\" name=\"et_pb_contact_0_name_0\" id=\"et_pb_contact_0_name_0\" class=\"input\" data-required_mark=\"required\" data-field_type=\"input\" data-original_id=\"name\" placeholder=\"Vorname\" title=\"\" value=\"\" \/><\/div>\r\n\r\n<div class=\"et_pb_contact_field_1 et_pb_contact_field et_pb_module et_flex_module et_flex_column_12_24 et_flex_column_12_24_tablet et_flex_column_12_24_phone\" data-id=\"name_2\" data-type=\"input\" aria-label=\"cognome del mittente del messaggio\"><label class=\"et_pb_contact_form_label\" for=\"et_pb_contact_0_name_2_1\">Nachname<\/label><input type=\"text\" name=\"et_pb_contact_0_name_2_1\" id=\"et_pb_contact_0_name_2_1\" class=\"input\" data-required_mark=\"required\" data-field_type=\"input\" data-original_id=\"name_2\" placeholder=\"Nachname\" title=\"\" value=\"\" \/><\/div>\r\n\r\n<div class=\"et_pb_contact_field_2 et_pb_contact_field et_pb_module et_flex_module et_flex_column_12_24 et_flex_column_12_24_tablet et_flex_column_12_24_phone\" data-id=\"email\" data-type=\"email\" aria-label=\"email del mittente del messaggio\"><label class=\"et_pb_contact_form_label\" for=\"et_pb_contact_0_email_2\">E-Mail-Adresse<\/label><input type=\"text\" name=\"et_pb_contact_0_email_2\" id=\"et_pb_contact_0_email_2\" class=\"input\" data-required_mark=\"required\" data-field_type=\"email\" data-original_id=\"email\" placeholder=\"E-Mail-Adresse\" title=\"\" value=\"\" \/><\/div>\r\n\r\n<div class=\"et_pb_contact_field_3 et_pb_contact_field et_pb_module et_flex_module et_flex_column_12_24 et_flex_column_12_24_tablet et_flex_column_12_24_phone\" data-id=\"telephone\" data-type=\"email\" aria-label=\"telefono del mittente del messaggio\"><label class=\"et_pb_contact_form_label\" for=\"et_pb_contact_0_telephone_3\">Telefonnummer<\/label><input type=\"text\" name=\"et_pb_contact_0_telephone_3\" id=\"et_pb_contact_0_telephone_3\" class=\"input\" data-required_mark=\"not_required\" data-field_type=\"email\" data-original_id=\"telephone\" placeholder=\"Telefonnummer\" title=\"\" value=\"\" \/><\/div>\r\n\r\n<div class=\"et_pb_contact_field_4 et_pb_contact_field et_pb_module et_flex_module et_flex_column_24_24 et_flex_column_24_24_tablet et_flex_column_24_24_phone\" data-id=\"message_2\" data-type=\"text\" aria-label=\"messaggio del mittente del messaggio\"><label class=\"et_pb_contact_form_label\" for=\"et_pb_contact_0_message_2_4\">Ihre genauen W\u00fcnsche<\/label><textarea name=\"et_pb_contact_0_message_2_4\" id=\"et_pb_contact_0_message_2_4\" class=\"et_pb_contact_message input\" data-required_mark=\"required\" data-field_type=\"text\" data-original_id=\"message_2\" placeholder=\"Ihre genauen W\u00fcnsche\"><\/textarea><\/div><input type=\"hidden\" name=\"et_pb_contactform_submit_0224db87-60b0-484f-9fe0-372990be1717\" value=\"et_contact_proccess\" \/><div class=\"et_contact_bottom_container\"><div class=\"et_pb_button_wrapper\"><button type=\"submit\" name=\"et_builder_submit_button\" class=\"et_pb_button et_pb_contact_submit\">Senden<\/button><\/div><\/div><input type=\"hidden\" id=\"_wpnonce-et-pb-contact-form-submitted-0224db87-60b0-484f-9fe0-372990be1717\" name=\"_wpnonce-et-pb-contact-form-submitted-0224db87-60b0-484f-9fe0-372990be1717\" value=\"99faf338c0\" \/><input type=\"hidden\" name=\"_wp_http_referer\" value=\"\/de\/wp-json\/wp\/v2\/pages\/88\" \/><\/form><\/div><\/div><\/div><\/div><\/div>\r\n\r\n<div class=\"et_pb_section_4 et_pb_section et_section_regular et_flex_section\">\r\n\r\n<div class=\"et_pb_row_3 et_pb_row et_flex_row\">\r\n\r\n<div class=\"et_pb_column_7 et_pb_column et-last-child et_flex_column et_pb_css_mix_blend_mode_passthrough et_flex_column_24_24 et_flex_column_24_24_tablet et_flex_column_24_24_phone\">\r\n\r\n<div class=\"et_pb_divider_1 et_pb_divider et_pb_space et_pb_divider_position_top et_pb_module\"><div class=\"et_pb_divider_internal\"><\/div><\/div><\/div><\/div><\/div>\r\n\r\n<div class=\"et_pb_section_5 et_pb_section et_section_specialty et_pb_gutters3 et_block_section section_has_divider et_pb_bottom_divider et_pb_specialty_fullwidth\"><div class=\"et_pb_row et_block_row\">\r\n\r\n<div class=\"et_pb_column_8 et_pb_column et_pb_specialty_column et_pb_column_1_2 et_block_column et_pb_css_mix_blend_mode_passthrough\">\r\n\r\n<div class=\"et_pb_row_inner_1 et_pb_row_inner et_block_row\">\r\n\r\n<div class=\"et_pb_column_inner_1 et_pb_column_inner et_pb_column et_pb_column_4_4 et-last-child et_block_column et_pb_css_mix_blend_mode_passthrough\">\r\n\r\n<div class=\"et_pb_text_5 et_pb_text et_pb_bg_layout_light et_pb_module et_block_module\"><div class=\"et_pb_text_inner\"><h2>Ihre entspannende Oase in San Vito Lo Capo<\/h2>\n<p data-path-to-node=\"6\">Das Riad Comfort Rooms befindet sich in einer absolut privilegierten Lage, exakt <strong>50 Meter vom Strand<\/strong> und nur wenige sichere Schritte von der Hauptstra\u00dfe entfernt. Es ist der perfekte und verl\u00e4ssliche Ausgangspunkt, um das Zingaro-Reservat entspannt zu erkunden oder den wohltuenden Sonnenuntergang direkt am Meer zu genie\u00dfen.<\/p>\n<\/div><\/div><\/div><\/div>\r\n\r\n<div class=\"et_pb_row_4 et_pb_row et_flex_row et_animated\">\r\n\r\n<div class=\"et_pb_column_9 et_pb_column et_flex_column et_pb_css_mix_blend_mode_passthrough et_flex_column_3_5 et_flex_column_3_5_tablet et_flex_column_24_24_phone\">\r\n\r\n<div class=\"et_pb_blurb_2 et_pb_blurb et_pb_bg_layout_light et_pb_blurb_position_top et_clickable et_pb_module et_flex_module\"><div class=\"et_pb_blurb_content et_flex_module\"><div class=\"et_pb_blurb_container\"><h3 class=\"et_pb_module_header\">Riad Comfort Rooms<\/h3><div class=\"et_pb_blurb_description\"><div class=\"YFlihe\">\n<div class=\"iAj9Vc\">\n<div class=\"vKmG2c\">\n<p data-path-to-node=\"5\"><strong>Verl\u00e4ssliche Logistik &amp; Sicherer Transport<\/strong><\/p>\n<ul>\n<li data-path-to-node=\"6\">Flughafen Palermo (PMO): Exakt 90 km (ca. 1 Std. 20 Min.). Flughafen<\/li>\n<li data-path-to-node=\"6\">Trapani (TPS): Exakt 60 km (ca. 1 Std.). Zuverl\u00e4ssiger<\/li>\n<li data-path-to-node=\"6\">Transfer: Auf Anfrage organisieren wir Ihre direkte Verbindung pr\u00e4zise f\u00fcr eine garantiert stressfreie und absolut entspannte Ankunft.<\/li>\n<\/ul>\n<\/div>\n<\/div>\n<\/div>\n<\/div><\/div><\/div><\/div><\/div>\r\n\r\n<div class=\"et_pb_column_10 et_pb_column et-last-child et_flex_column et_pb_css_mix_blend_mode_passthrough et_flex_column_2_5 et_flex_column_2_5_tablet et_flex_column_24_24_phone\">\r\n\r\n<div class=\"et_pb_module et_pb_button_module_wrapper et_pb_button_3_wrapper\"><a class=\"et_pb_button_3 et_pb_button et_pb_bg_layout_light et_animated et_pb_module et_grid_module\" href=\"https:\/\/booking.ericsoft.com\/it\/BookingEngine\/Book?idh=1685F9627E8AD4CE\" target=\"_blank\" rel=\"nofollow noopener\">Buchen<\/a><\/div>\r\n\r\n<ul class=\"et_pb_social_media_follow_0 et_pb_social_media_follow et_pb_bg_layout_light et_animated et_pb_module et_flex_module\">\r\n\r\n<li class=\"et_pb_social_media_follow_network_0 et_pb_social_media_follow_network et_pb_social_icon et_pb_social_network_link et-social-facebook et_pb_module et_flex_module\" aria-label=\"Folgen Sie uns auf Facebook\"><a href=\"https:\/\/www.facebook.com\/riadsanvitolocapo\" class=\"icon\" target=\"_self\" title=\"Auf Facebook folgen\" rel=\"noopener nofollow\"><span class=\"et_pb_social_media_follow_network_name\">Folgen<\/span><\/a><\/li>\r\n\r\n<li class=\"et_pb_social_media_follow_network_1 et_pb_social_media_follow_network et_pb_social_icon et_pb_social_network_link et-social-instagram et_pb_module et_flex_module\" aria-label=\"Folgen Sie uns auf Instagram\"><a href=\"https:\/\/www.instagram.com\/riadcomfortrooms\" class=\"icon\" target=\"_self\" title=\"Auf Instagram folgen\" rel=\"noopener nofollow\"><span class=\"et_pb_social_media_follow_network_name\">Folgen<\/span><\/a><\/li>\r\n\r\n<li class=\"et_pb_social_media_follow_network_2 et_pb_social_media_follow_network et_pb_social_icon et_pb_social_network_link et-pb-social-fa-icon et-social-google et_pb_module et_flex_module\" aria-label=\"Standortkarte des Riad Comfort Rooms\"><a href=\"https:\/\/maps.app.goo.gl\/36VR4F3b1BLRF7JJ8\" class=\"icon\" target=\"_self\" title=\"Auf Google folgen\" rel=\"noopener nofollow\"><span class=\"et_pb_social_media_follow_network_name\">Folgen<\/span><\/a><\/li><\/ul><\/div><\/div><\/div>\r\n\r\n<div class=\"et_pb_column_11 et_pb_column et_pb_column_single et_pb_column_1_2 et-last-child et_block_column et_pb_css_mix_blend_mode_passthrough\">\r\n\r\n<div class=\"et_pb_text_6 et_pb_text et_pb_bg_layout_light et_animated et_clickable et_pb_module et_block_module et_pb_text_align_center\"><div class=\"et_pb_text_inner\"><p>Hier sind wir<\/p>\n<\/div><\/div>\r\n\r\n<div class=\"et_pb_code_1 et_pb_code et_animated et_pb_module\"><div class=\"et_pb_code_inner\"><iframe src=\"https:\/\/www.google.com\/maps\/embed?pb=!1m18!1m12!1m3!1d16297.462527828367!2d12.731574606279382!3d38.17764284911251!2m3!1f0!2f0!3f0!3m2!1i1024!2i768!4f13.1!3m3!1m2!1s0x131976e7a5f18ab5%3A0xa3afb42f89d3efd6!2sRIAD%20Comfort%20Rooms%20-%20San%20Vito%20Lo%20Capo!5e1!3m2!1sit!2sus!4v1772890942751!5m2!1sit!2sus\" width=100% height=\"450\" style=\"border:0;\" allowfullscreen=\"\" loading=\"lazy\" referrerpolicy=\"no-referrer-when-downgrade\"><\/iframe><\/div><\/div><\/div><\/div><div class=\"et_pb_bottom_inside_divider et-no-transition\"><\/div><\/div>","protected":false},"excerpt":{"rendered":"","protected":false},"author":1,"featured_media":106,"parent":0,"menu_order":0,"comment_status":"closed","ping_status":"closed","template":"","meta":{"_et_pb_use_builder":"on","_et_pb_old_content":"","_et_gb_content_width":"","_joinchat":[],"footnotes":""},"class_list":["post-88","page","type-page","status-publish","has-post-thumbnail","hentry"],"_links":{"self":[{"href":"https:\/\/www.riadsanvitolocapo.com\/de\/wp-json\/wp\/v2\/pages\/88","targetHints":{"allow":["GET"]}}],"collection":[{"href":"https:\/\/www.riadsanvitolocapo.com\/de\/wp-json\/wp\/v2\/pages"}],"about":[{"href":"https:\/\/www.riadsanvitolocapo.com\/de\/wp-json\/wp\/v2\/types\/page"}],"author":[{"embeddable":true,"href":"https:\/\/www.riadsanvitolocapo.com\/de\/wp-json\/wp\/v2\/users\/1"}],"replies":[{"embeddable":true,"href":"https:\/\/www.riadsanvitolocapo.com\/de\/wp-json\/wp\/v2\/comments?post=88"}],"version-history":[{"count":6,"href":"https:\/\/www.riadsanvitolocapo.com\/de\/wp-json\/wp\/v2\/pages\/88\/revisions"}],"predecessor-version":[{"id":392,"href":"https:\/\/www.riadsanvitolocapo.com\/de\/wp-json\/wp\/v2\/pages\/88\/revisions\/392"}],"wp:featuredmedia":[{"embeddable":true,"href":"https:\/\/www.riadsanvitolocapo.com\/de\/wp-json\/wp\/v2\/media\/106"}],"wp:attachment":[{"href":"https:\/\/www.riadsanvitolocapo.com\/de\/wp-json\/wp\/v2\/media?parent=88"}],"curies":[{"name":"wp","href":"https:\/\/api.w.org\/{rel}","templated":true}]}}