{"id":82,"date":"2026-03-16T14:08:12","date_gmt":"2026-03-16T13:08:12","guid":{"rendered":"https:\/\/www.riadsanvitolocapo.com\/fr\/?page_id=82"},"modified":"2026-03-21T12:02:12","modified_gmt":"2026-03-21T11:02:12","slug":"journal","status":"publish","type":"page","link":"https:\/\/www.riadsanvitolocapo.com\/fr\/journal\/","title":{"rendered":"Journal"},"content":{"rendered":"<div class=\"et_pb_section_0 et_pb_section et_section_regular et_block_section section_has_divider et_pb_top_divider\"><div class=\"et_pb_top_inside_divider et-no-transition\"><\/div>\n<div class=\"et_pb_row_0 et_pb_row et_block_row\">\n<div class=\"et_pb_column_0 et_pb_column et_pb_column_4_4 et-last-child et_block_column et_pb_css_mix_blend_mode_passthrough\">\n<div class=\"et_pb_text_0 et_pb_text et_pb_bg_layout_light et_pb_module et_flex_module\"><div class=\"et_pb_text_inner\"><h1 data-path-to-node=\"4\" style=\"text-align: center;\"><b data-path-to-node=\"4\" data-index-in-node=\"0\">Le Journal du Riad Comfort Rooms : votre guide \u00e0 San Vito Lo Capo<\/b><\/h1>\n<p data-path-to-node=\"5\" style=\"text-align: center;\">\u00ab\u00a0Bienvenue dans le c\u0153ur battant de la Sicile Occidentale. Notre journal n&rsquo;est pas un simple recueil d&rsquo;actualit\u00e9s, mais une v\u00e9ritable boussole con\u00e7ue pour vous accompagner \u00e0 la d\u00e9couverte d&rsquo;un territoire magique. S\u00e9journer au Riad Comfort Rooms, \u00e0 seulement 50 m\u00e8tres de la plage de San Vito, c&rsquo;est s&rsquo;offrir le privil\u00e8ge de vivre le village de l&rsquo;int\u00e9rieur, mais aussi d&rsquo;explorer des recoins secrets que seuls les locaux connaissent. Au fil de ces pages, nous rassemblons conseils, itin\u00e9raires et secrets gastronomiques pour transformer votre s\u00e9jour en une exp\u00e9rience authentique, afin que vous vous sentiez partie int\u00e9grante de notre terre d\u00e8s le premier clic.\u00a0\u00bb<\/p>\n<\/div><\/div>\n<\/div>\n<\/div>\n<\/div>\n\n<div class=\"et_pb_section_1 et_pb_section et_section_regular et_flex_section\">\n<div class=\"et_pb_row_1 et_pb_row et_grid_row\">\n<div class=\"et_pb_column_1 et_pb_column et-last-child et_flex_column et_pb_css_mix_blend_mode_passthrough\">\n<div class=\"et_pb_blog_0 et_pb_blog et_pb_bg_layout_light et_pb_posts et_pb_module\"><div class=\"et_pb_ajax_pagination_container\"><div class=\"et_pb_posts et_grid_module\"><article class=\"et_pb_post et_pb_post_id_463 clearfix et_pb_blog_item_0_0 post-463 post type-post status-publish format-standard has-post-thumbnail hentry category-culture-et-itineraires tag-criques-sicile tag-excursions-mer tag-que-voir-a-san-vito tag-randonnee-san-vito-lo-capo tag-reserve-du-zingaro\"><div class=\"et_pb_image_container\"><a href=\"https:\/\/www.riadsanvitolocapo.com\/fr\/culture-et-itineraires\/reserve-du-zingaro-guide-complet-du-paradis-naturel-de-la-sicile\/\" class=\"entry-featured-image-url\"><img decoding=\"async\" src=\"https:\/\/www.riadsanvitolocapo.com\/fr\/wp-content\/uploads\/sites\/2\/2026\/03\/etoile-8-branches-reserve-zingaro-cote-castellammare-del-golfo-riad-comfort-rooms.png\" width=\"1080\" height=\"1080\" alt=\"etoile 8 branches reserve zingaro cote castellammare del golfo riad comfort rooms\" class=\"\" title=\"\"><span data-icon=\"\ue050\" class=\"et_overlay et_pb_inline_icon\"><\/span><\/a><\/div><h2 class=\"entry-title\"><a href=\"https:\/\/www.riadsanvitolocapo.com\/fr\/culture-et-itineraires\/reserve-du-zingaro-guide-complet-du-paradis-naturel-de-la-sicile\/\">R\u00e9serve du Zingaro : guide complet du paradis naturel de la Sicile<\/a><\/h2><p class=\"post-meta\"><span class=\"entry-categories\"><a href=\"https:\/\/www.riadsanvitolocapo.com\/fr\/category\/culture-et-itineraires\/\" rel=\"tag\">Culture et Itin\u00e9raires<\/a><\/span><\/p><div class=\"post-content\"><div class=\"post-content-inner\"><p>R\u00e9serve du Zingaro : guide complet du paradis naturel de la Sicile La R\u00e9serve Naturelle du Zingaro n&rsquo;est pas seulement une destination touristique, mais une exp\u00e9rience sensorielle qui d\u00e9finit l&rsquo;essence de la Sicile Occidentale. Sept kilom\u00e8tres de c\u00f4te pr\u00e9serv\u00e9e o\u00f9 le&#8230;<\/p>\n<\/div><\/div><\/article><article class=\"et_pb_post et_pb_post_id_461 clearfix et_pb_blog_item_0_1 post-461 post type-post status-publish format-standard has-post-thumbnail hentry category-territoire-et-experiences tag-meilleures-plages-ditalie tag-mer-sicile tag-plage-a-50-metres tag-plage-san-vito-lo-capo tag-vacances-relax\"><div class=\"et_pb_image_container\"><a href=\"https:\/\/www.riadsanvitolocapo.com\/fr\/territoire-et-experiences\/plage-de-san-vito-lo-capo-un-paradis-blanc-a-50-metres-du-riad\/\" class=\"entry-featured-image-url\"><img decoding=\"async\" src=\"https:\/\/www.riadsanvitolocapo.com\/fr\/wp-content\/uploads\/sites\/2\/2026\/03\/etoile-8-branches-plage-mer-san-vito-lo-capo-riad-comfort-rooms.png\" width=\"1080\" height=\"1080\" alt=\"etoile 8 branches plage mer san vito lo capo riad comfort rooms\" class=\"\" title=\"\"><span data-icon=\"\ue050\" class=\"et_overlay et_pb_inline_icon\"><\/span><\/a><\/div><h2 class=\"entry-title\"><a href=\"https:\/\/www.riadsanvitolocapo.com\/fr\/territoire-et-experiences\/plage-de-san-vito-lo-capo-un-paradis-blanc-a-50-metres-du-riad\/\">Plage de San Vito Lo Capo : un paradis blanc \u00e0 50 m\u00e8tres du Riad<\/a><\/h2><p class=\"post-meta\"><span class=\"entry-categories\"><a href=\"https:\/\/www.riadsanvitolocapo.com\/fr\/category\/territoire-et-experiences\/\" rel=\"tag\">Territoire et Exp\u00e9riences<\/a><\/span><\/p><div class=\"post-content\"><div class=\"post-content-inner\"><p>Plage de San Vito Lo Capo : un paradis blanc \u00e0 50 m\u00e8tres du Riad Il y a une raison pour laquelle la plage de San Vito Lo Capo est constamment \u00e9lue parmi les plus belles d&rsquo;Italie. Ce n&rsquo;est pas seulement le sable blanc qui ne br\u00fble jamais, ni les fonds marins peu&#8230;<\/p>\n<\/div><\/div><\/article><article class=\"et_pb_post et_pb_post_id_459 clearfix et_pb_blog_item_0_2 post-459 post type-post status-publish format-standard has-post-thumbnail hentry category-culture-et-itineraires tag-itineraires-sicile-occidentale tag-que-voir-pres-de-san-vito tag-salines-de-trapani tag-temple-de-segeste tag-tour-de-sicile\"><div class=\"et_pb_image_container\"><a href=\"https:\/\/www.riadsanvitolocapo.com\/fr\/culture-et-itineraires\/trapani-et-segeste-un-voyage-entre-mythe-et-paysages-salins\/\" class=\"entry-featured-image-url\"><img decoding=\"async\" src=\"https:\/\/www.riadsanvitolocapo.com\/fr\/wp-content\/uploads\/sites\/2\/2026\/03\/etoile-8-branches-trapani-segeste-mythe-paysages-sel-riad-comfort-rooms.png\" width=\"1080\" height=\"1080\" alt=\"etoile 8 branches trapani segeste mythe paysages sel riad comfort rooms\" class=\"\" title=\"\"><span data-icon=\"\ue050\" class=\"et_overlay et_pb_inline_icon\"><\/span><\/a><\/div><h2 class=\"entry-title\"><a href=\"https:\/\/www.riadsanvitolocapo.com\/fr\/culture-et-itineraires\/trapani-et-segeste-un-voyage-entre-mythe-et-paysages-salins\/\">Trapani et S\u00e9geste : un voyage entre mythe et paysages salins<\/a><\/h2><p class=\"post-meta\"><span class=\"entry-categories\"><a href=\"https:\/\/www.riadsanvitolocapo.com\/fr\/category\/culture-et-itineraires\/\" rel=\"tag\">Culture et Itin\u00e9raires<\/a><\/span><\/p><div class=\"post-content\"><div class=\"post-content-inner\"><p>Trapani et S\u00e9geste : un voyage entre mythe et paysages salins S\u00e9journer \u00e0 San Vito Lo Capo offre le privil\u00e8ge de se trouver \u00e0 courte distance de certains des tr\u00e9sors les plus pr\u00e9cieux de la M\u00e9diterran\u00e9e. En moins d&rsquo;une heure de route depuis le Riad Comfort Rooms, il&#8230;<\/p>\n<\/div><\/div><\/article><article class=\"et_pb_post et_pb_post_id_457 clearfix et_pb_blog_item_0_3 post-457 post type-post status-publish format-standard has-post-thumbnail hentry category-gout-et-traditions tag-aeroport-palerme-trapani tag-comment-arriver-a-san-vito tag-couscous-san-vito tag-plats-typiques-siciliens tag-restaurants-san-vito-lo-capo\"><div class=\"et_pb_image_container\"><a href=\"https:\/\/www.riadsanvitolocapo.com\/fr\/gout-et-traditions\/saveurs-de-san-vito-un-voyage-entre-couscous-et-busiate-de-trapani\/\" class=\"entry-featured-image-url\"><img decoding=\"async\" src=\"https:\/\/www.riadsanvitolocapo.com\/fr\/wp-content\/uploads\/sites\/2\/2026\/03\/etoile-8-branches-plat-busiate-riad-comfort-rooms.png\" width=\"1080\" height=\"1080\" alt=\"etoile 8 branches plat busiate riad comfort rooms\" class=\"\" title=\"\"><span data-icon=\"\ue050\" class=\"et_overlay et_pb_inline_icon\"><\/span><\/a><\/div><h2 class=\"entry-title\"><a href=\"https:\/\/www.riadsanvitolocapo.com\/fr\/gout-et-traditions\/saveurs-de-san-vito-un-voyage-entre-couscous-et-busiate-de-trapani\/\">Saveurs de San Vito : un voyage entre Couscous et Busiate de Trapani<\/a><\/h2><p class=\"post-meta\"><span class=\"entry-categories\"><a href=\"https:\/\/www.riadsanvitolocapo.com\/fr\/category\/gout-et-traditions\/\" rel=\"tag\">Go\u00fbt et Traditions<\/a><\/span><\/p><div class=\"post-content\"><div class=\"post-content-inner\"><p>Saveurs de San Vito : un voyage entre Couscous et Busiate de Trapani La cuisine de San Vito Lo Capo est un r\u00e9cit fait de rencontres, d&rsquo;\u00e9pices et de produits de la terre qui fleurent bon la mer. S\u00e9journer au Riad Comfort Rooms, c&rsquo;est se trouver au c\u0153ur d&rsquo;un district&#8230;<\/p>\n<\/div><\/div><\/article><article class=\"et_pb_post et_pb_post_id_455 clearfix et_pb_blog_item_0_4 post-455 post type-post status-publish format-standard has-post-thumbnail hentry category-infos-pratiques tag-aeroport-palerme-trapani tag-comment-arriver-a-san-vito tag-parking-san-vito tag-se-deplacer-en-sicile tag-transfert-san-vito-lo-capo\"><div class=\"et_pb_image_container\"><a href=\"https:\/\/www.riadsanvitolocapo.com\/fr\/infos-pratiques\/se-deplacer-a-san-vito-lo-capo-guide-des-transferts-et-parkings-sans-stress\/\" class=\"entry-featured-image-url\"><img decoding=\"async\" src=\"https:\/\/www.riadsanvitolocapo.com\/fr\/wp-content\/uploads\/sites\/2\/2026\/03\/etoile-8-branches-parking-transfert-plage-mer-village-san-vito-lo-capo.png\" width=\"1080\" height=\"1080\" alt=\"etoile 8 branches parking transfert plage mer village san vito lo capo\" class=\"\" title=\"\"><span data-icon=\"\ue050\" class=\"et_overlay et_pb_inline_icon\"><\/span><\/a><\/div><h2 class=\"entry-title\"><a href=\"https:\/\/www.riadsanvitolocapo.com\/fr\/infos-pratiques\/se-deplacer-a-san-vito-lo-capo-guide-des-transferts-et-parkings-sans-stress\/\">Se d\u00e9placer \u00e0 San Vito Lo Capo : guide des transferts et parkings sans stress<\/a><\/h2><p class=\"post-meta\"><span class=\"entry-categories\"><a href=\"https:\/\/www.riadsanvitolocapo.com\/fr\/category\/infos-pratiques\/\" rel=\"tag\">Infos Pratiques<\/a><\/span><\/p><div class=\"post-content\"><div class=\"post-content-inner\"><p>Se d\u00e9placer \u00e0 San Vito Lo Capo : guide des transferts et parkings sans stress Organiser un s\u00e9jour parfait exige une attention aux d\u00e9tails, surtout en mati\u00e8re de logistique. San Vito Lo Capo est un village pi\u00e9tonnier con\u00e7u pour \u00eatre v\u00e9cu \u00e0 pied, entre le parfum du&#8230;<\/p>\n<\/div><\/div><\/article><\/div><\/div><\/div>\n<\/div>\n<\/div>\n<\/div>\n\n<div class=\"et_pb_section_2 et_pb_section et_section_regular et_flex_section\">\n<div class=\"et_pb_row_2 et_pb_row et_flex_row\">\n<div class=\"et_pb_column_2 et_pb_column et-last-child et_flex_column et_pb_css_mix_blend_mode_passthrough et_flex_column_24_24 et_flex_column_24_24_tablet et_flex_column_24_24_phone et_flex_column_24_24_phoneWide et_flex_column_24_24_tabletWide et_flex_column_24_24_widescreen et_flex_column_24_24_ultraWide\">\n<div class=\"et_pb_text_1 et_pb_text et_pb_bg_layout_light et_pb_module et_flex_module\"><div class=\"et_pb_text_inner\"><h2 data-path-to-node=\"3\" style=\"text-align: center;\"><b data-path-to-node=\"3\" data-index-in-node=\"0\">Pourquoi lire nos conseils sur la Sicile Occidentale<\/b><\/h2>\n<p data-path-to-node=\"4\" style=\"text-align: center;\">\u00ab\u00a0Planifier un s\u00e9jour \u00e0 San Vito Lo Capo, c&rsquo;est trouver l&rsquo;\u00e9quilibre parfait entre d\u00e9tente, aventure et culture. Notre mission est de vous simplifier cette d\u00e9marche. \u00c0 travers nos articles, nous vous guiderons sur les sentiers de la R\u00e9serve du Zingaro, en vous expliquant comment rejoindre les criques aux eaux les plus cristallines et quels horaires privil\u00e9gier pour savourer le silence de la nature. Nous n&rsquo;oublions pas l&rsquo;aspect logistique, fondamental pour un s\u00e9jour en toute s\u00e9r\u00e9nit\u00e9 : vous y trouverez des guides d\u00e9taill\u00e9s sur la gestion du stationnement \u00e0 San Vito et sur l&rsquo;organisation des transferts depuis les a\u00e9roports de Palerme et Trapani.<\/p>\n<p data-path-to-node=\"5\" style=\"text-align: center;\">Mais la Sicile est avant tout \u00e9motion et gastronomie. Nous consacrons une large place \u00e0 la tradition du Couscous, en vous expliquant les origines de ce plat mill\u00e9naire et en vous sugg\u00e9rant o\u00f9 savourer les meilleures <i data-path-to-node=\"5\" data-index-in-node=\"216\">busiate<\/i> au pesto trapanese. Si vous \u00eates passionn\u00e9 d&rsquo;histoire, nos itin\u00e9raires vers le Parc Arch\u00e9ologique de S\u00e9geste et les Salines de Trapani vous permettront de d\u00e9couvrir le visage le plus ancien et le plus fascinant de notre province. Choisir le Riad Comfort Rooms comme point de d\u00e9part pour vos excursions, c&rsquo;est faire le choix d&rsquo;une hospitalit\u00e9 qui va bien au-del\u00e0 d&rsquo;une simple chambre : c&rsquo;est un accompagnement continu pour vous garantir la plus haute qualit\u00e9 et le respect absolu de votre temps. Explorez nos contenus et pr\u00e9parez-vous \u00e0 vivre la Sicile dont vous avez toujours r\u00eav\u00e9, \u00e0 quelques pas de la plus belle mer d&rsquo;Italie.\u00a0\u00bb<\/p>\n<\/div><\/div>\n<\/div>\n<\/div>\n<\/div>\n\n<div class=\"et_pb_section_3 et_pb_section et_section_specialty et_pb_gutters3 et_block_section et_animated section_has_divider et_pb_bottom_divider et_pb_specialty_fullwidth\"><div class=\"et_pb_row et_block_row\">\n<div class=\"et_pb_column_3 et_pb_column et_pb_specialty_column et_pb_column_1_2 et_block_column et_pb_css_mix_blend_mode_passthrough\">\n<div class=\"et_pb_row_inner_0 et_pb_row_inner et_block_row\">\n<div class=\"et_pb_column_inner_0 et_pb_column_inner et_pb_column et_pb_column_4_4 et-last-child et_block_column et_pb_css_mix_blend_mode_passthrough\">\n<div class=\"et_pb_text_2 et_pb_text et_pb_bg_layout_light et_pb_module et_block_module\"><\/div>\n\n<div class=\"et_pb_text_3 et_pb_text et_pb_bg_layout_light et_pb_module et_block_module\"><div class=\"et_pb_text_inner\"><h2>Riad Comfort Rooms<\/h2>\n<h4>Votre s\u00e9jour \u00e0 San Vito Lo Capo<\/h4>\n<h2>Consultez les tarifs et la disponibilit\u00e9 en temps r\u00e9el<\/h2>\n<\/div><\/div>\n<\/div>\n<\/div>\n\n<div class=\"et_pb_row_3 et_pb_row et_flex_row et_animated\">\n<div class=\"et_pb_column_4 et_pb_column et_flex_column et_pb_css_mix_blend_mode_passthrough et_flex_column_3_5 et_flex_column_3_5_tablet et_flex_column_24_24_phone et_flex_column_24_24_phoneWide et_flex_column_3_5_tabletWide et_flex_column_3_5_widescreen et_flex_column_3_5_ultraWide\">\n<div class=\"et_pb_blurb_0 et_pb_blurb et_pb_bg_layout_light et_pb_blurb_position_top et_clickable et_pb_module et_flex_module\"><div class=\"et_pb_blurb_content et_flex_module\"><div class=\"et_pb_blurb_container\"><h3 class=\"et_pb_module_header\">Riad Comfort Rooms<\/h3><div class=\"et_pb_blurb_description\"><div class=\"YFlihe\">\n<div class=\"iAj9Vc\">\n<div class=\"vKmG2c\">Via del Secco, 17, 91030 San Vito Lo Capo TP, Italia<\/div>\n<\/div>\n<div class=\"e0RVke\"><\/div>\n<\/div>\n<div class=\"NB4yxe fontBodyMedium \"><\/div>\n<\/div><\/div><\/div><\/div>\n\n<div class=\"et_pb_blurb_1 et_pb_blurb et_pb_bg_layout_light et_pb_blurb_position_top et_clickable et_pb_module et_block_module\"><div class=\"et_pb_blurb_content\"><div class=\"et_pb_blurb_container\"><h3 class=\"et_pb_module_header\">Contact<\/h3><div class=\"et_pb_blurb_description\"><p><span style=\"color: #000000;\"><a href=\"tel:+390923972748\" target=\"_blank\" rel=\"noopener\" style=\"color: #000000;\">+39 0923 97 27 48<\/a><\/span><\/p>\n<p><span style=\"color: #000000;\"><a href=\"tel:+393497374521\" target=\"_blank\" rel=\"noopener\" style=\"color: #000000;\">+39 349 7374521<\/a><\/span><\/p>\n<p><span style=\"color: #000000;\"><a href=\"mailto:info@riadsanvitolocapo.it\" target=\"_blank\" rel=\"noopener\" style=\"color: #000000;\">info@riadsanvitolocapo.com<\/a><\/span><\/p>\n<\/div><\/div><\/div><\/div>\n<\/div>\n\n<div class=\"et_pb_column_5 et_pb_column et-last-child et_flex_column et_pb_css_mix_blend_mode_passthrough et_flex_column_2_5 et_flex_column_2_5_tablet et_flex_column_24_24_phone et_flex_column_24_24_phoneWide et_flex_column_2_5_tabletWide et_flex_column_2_5_widescreen et_flex_column_2_5_ultraWide\">\n<div class=\"et_pb_module et_pb_button_module_wrapper et_pb_button_0_wrapper\"><a class=\"et_pb_button_0 et_pb_button et_pb_bg_layout_light et_animated et_pb_module et_grid_module\" href=\"https:\/\/booking.ericsoft.com\/it\/BookingEngine\/Book?idh=1685F9627E8AD4CE\" target=\"_blank\" rel=\"nofollow noopener\">Tarifs et R\u00e9servations<\/a><\/div>\n\n<ul class=\"et_pb_social_media_follow_0 et_pb_social_media_follow et_pb_bg_layout_light et_animated et_pb_module et_flex_module\">\n<li class=\"et_pb_social_media_follow_network_0 et_pb_social_media_follow_network et_pb_social_icon et_pb_social_network_link et-social-facebook et_pb_module et_flex_module\" aria-label=\"Suivez-nous sur Facebook\"><a href=\"https:\/\/www.facebook.com\/riadsanvitolocapo\" class=\"icon\" target=\"_self\" title=\"Suivre sur Facebook\" rel=\"noopener nofollow\"><span class=\"et_pb_social_media_follow_network_name\">Suivre<\/span><\/a><\/li>\n\n<li class=\"et_pb_social_media_follow_network_1 et_pb_social_media_follow_network et_pb_social_icon et_pb_social_network_link et-social-instagram et_pb_module et_flex_module\" aria-label=\"Suivez-nous sur Instagram\"><a href=\"https:\/\/www.instagram.com\/riadcomfortrooms\" class=\"icon\" target=\"_self\" title=\"Suivre sur Instagram\" rel=\"noopener nofollow\"><span class=\"et_pb_social_media_follow_network_name\">Suivre<\/span><\/a><\/li>\n\n<li class=\"et_pb_social_media_follow_network_2 et_pb_social_media_follow_network et_pb_social_icon et_pb_social_network_link et-pb-social-fa-icon et-social-google et_pb_module et_flex_module\" aria-label=\"Carte de l&amp;#39;emplacement du Riad Comfort Rooms\"><a href=\"https:\/\/maps.app.goo.gl\/36VR4F3b1BLRF7JJ8\" class=\"icon\" target=\"_self\" title=\"Suivre sur Google\" rel=\"noopener nofollow\"><span class=\"et_pb_social_media_follow_network_name\">Suivre<\/span><\/a><\/li>\n<\/ul>\n<\/div>\n<\/div>\n<\/div>\n\n<div class=\"et_pb_column_6 et_pb_column et_pb_column_single et_pb_column_1_2 et-last-child et_block_column et_pb_css_mix_blend_mode_passthrough\">\n<div class=\"et_pb_text_4 et_pb_text et_pb_bg_layout_light et_animated et_clickable et_pb_module et_block_module et_pb_text_align_center\"><div class=\"et_pb_text_inner\"><p>R\u00e9servez maintenant<\/p>\n<\/div><\/div>\n\n<div class=\"et_pb_code_0 et_pb_code et_animated et_pb_module\"><div class=\"et_pb_code_inner\"><iframe src=\"https:\/\/www.google.com\/maps\/embed?pb=!1m18!1m12!1m3!1d16297.462527828367!2d12.731574606279382!3d38.17764284911251!2m3!1f0!2f0!3f0!3m2!1i1024!2i768!4f13.1!3m3!1m2!1s0x131976e7a5f18ab5%3A0xa3afb42f89d3efd6!2sRIAD%20Comfort%20Rooms%20-%20San%20Vito%20Lo%20Capo!5e1!3m2!1sit!2sus!4v1772890942751!5m2!1sit!2sus\" width=100% height=\"450\" style=\"border:0;\" allowfullscreen=\"\" loading=\"lazy\" referrerpolicy=\"no-referrer-when-downgrade\"><\/iframe><\/div><\/div>\n<\/div>\n<\/div><div class=\"et_pb_bottom_inside_divider et-no-transition\"><\/div><\/div>","protected":false},"excerpt":{"rendered":"","protected":false},"author":1,"featured_media":109,"parent":0,"menu_order":0,"comment_status":"closed","ping_status":"closed","template":"","meta":{"_et_pb_use_builder":"on","_et_pb_old_content":"","_et_gb_content_width":"","_joinchat":[],"footnotes":""},"class_list":["post-82","page","type-page","status-publish","has-post-thumbnail","hentry"],"_links":{"self":[{"href":"https:\/\/www.riadsanvitolocapo.com\/fr\/wp-json\/wp\/v2\/pages\/82","targetHints":{"allow":["GET"]}}],"collection":[{"href":"https:\/\/www.riadsanvitolocapo.com\/fr\/wp-json\/wp\/v2\/pages"}],"about":[{"href":"https:\/\/www.riadsanvitolocapo.com\/fr\/wp-json\/wp\/v2\/types\/page"}],"author":[{"embeddable":true,"href":"https:\/\/www.riadsanvitolocapo.com\/fr\/wp-json\/wp\/v2\/users\/1"}],"replies":[{"embeddable":true,"href":"https:\/\/www.riadsanvitolocapo.com\/fr\/wp-json\/wp\/v2\/comments?post=82"}],"version-history":[{"count":15,"href":"https:\/\/www.riadsanvitolocapo.com\/fr\/wp-json\/wp\/v2\/pages\/82\/revisions"}],"predecessor-version":[{"id":577,"href":"https:\/\/www.riadsanvitolocapo.com\/fr\/wp-json\/wp\/v2\/pages\/82\/revisions\/577"}],"wp:featuredmedia":[{"embeddable":true,"href":"https:\/\/www.riadsanvitolocapo.com\/fr\/wp-json\/wp\/v2\/media\/109"}],"wp:attachment":[{"href":"https:\/\/www.riadsanvitolocapo.com\/fr\/wp-json\/wp\/v2\/media?parent=82"}],"curies":[{"name":"wp","href":"https:\/\/api.w.org\/{rel}","templated":true}]}}