{"id":84,"date":"2026-03-16T14:08:34","date_gmt":"2026-03-16T13:08:34","guid":{"rendered":"https:\/\/www.riadsanvitolocapo.com\/fr\/?page_id=84"},"modified":"2026-03-20T15:20:21","modified_gmt":"2026-03-20T14:20:21","slug":"contact","status":"publish","type":"page","link":"https:\/\/www.riadsanvitolocapo.com\/fr\/contact\/","title":{"rendered":"Contact"},"content":{"rendered":"<div class=\"et_pb_section_0 et_pb_section et_section_regular et_block_section section_has_divider et_pb_top_divider\"><div class=\"et_pb_top_inside_divider et-no-transition\"><\/div><\/div>\n\n<div class=\"et_pb_section_1 et_pb_section et_section_specialty et_pb_gutters3 et_block_section et_pb_specialty_fullwidth\"><div class=\"et_pb_row et_block_row\">\n<div class=\"et_pb_column_0 et_pb_column et_pb_specialty_column et_pb_column_1_2 et_block_column et_pb_css_mix_blend_mode_passthrough\">\n<div class=\"et_pb_row_inner_0 et_pb_row_inner et_block_row\">\n<div class=\"et_pb_column_inner_0 et_pb_column_inner et_pb_column et_pb_column_4_4 et-last-child et_block_column et_pb_css_mix_blend_mode_passthrough\">\n<div class=\"et_pb_text_0 et_pb_text et_pb_bg_layout_light et_pb_module et_block_module\"><\/div>\n\n<div class=\"et_pb_text_1 et_pb_text et_pb_bg_layout_light et_pb_module et_block_module\"><div class=\"et_pb_text_inner\"><h1>Contactez le Riad Comfort Rooms<\/h1>\n<h2>Votre coin de M\u00e9diterran\u00e9e vous attend.<\/h2>\n<h3>Vous \u00eates \u00e0 un pas du c\u0153ur de San Vito Lo Capo. \u00c9crivez-nous pour personnaliser votre s\u00e9jour.<\/h3>\n<\/div><\/div>\n<\/div>\n<\/div>\n\n<div class=\"et_pb_row_0 et_pb_row et_flex_row et_animated\">\n<div class=\"et_pb_column_1 et_pb_column et_flex_column et_pb_css_mix_blend_mode_passthrough et_flex_column_3_5 et_flex_column_3_5_tablet et_flex_column_24_24_phone et_flex_column_24_24_phoneWide et_flex_column_3_5_tabletWide et_flex_column_3_5_widescreen et_flex_column_3_5_ultraWide\">\n<div class=\"et_pb_blurb_0 et_pb_blurb et_pb_bg_layout_light et_pb_blurb_position_top et_clickable et_pb_module et_flex_module\"><div class=\"et_pb_blurb_content et_flex_module\"><div class=\"et_pb_blurb_container\"><h3 class=\"et_pb_module_header\">Riad Comfort Rooms<\/h3><div class=\"et_pb_blurb_description\"><div class=\"YFlihe\">\n<div class=\"iAj9Vc\">\n<div class=\"vKmG2c\">Via del Secco, 17, 91030 San Vito Lo Capo TP, Italia<\/div>\n<\/div>\n<div class=\"e0RVke\"><\/div>\n<\/div>\n<div class=\"NB4yxe fontBodyMedium \"><\/div>\n<\/div><\/div><\/div><\/div>\n\n<div class=\"et_pb_blurb_1 et_pb_blurb et_pb_bg_layout_light et_pb_blurb_position_top et_clickable et_pb_module et_block_module\"><div class=\"et_pb_blurb_content\"><div class=\"et_pb_blurb_container\"><h3 class=\"et_pb_module_header\">Contact<\/h3><div class=\"et_pb_blurb_description\"><p><span style=\"color: #000000;\"><a href=\"tel:+390923972748\" target=\"_blank\" rel=\"noopener\" style=\"color: #000000;\">+39 0923 97 27 48<\/a><\/span><\/p>\n<p><span style=\"color: #000000;\"><a href=\"tel:+393497374521\" target=\"_blank\" rel=\"noopener\" style=\"color: #000000;\">+39 349 7374521<\/a><\/span><\/p>\n<p><span style=\"color: #000000;\"><a href=\"mailto:info@riadsanvitolocapo.it\" target=\"_blank\" rel=\"noopener\" style=\"color: #000000;\">info@riadsanvitolocapo.com<\/a><\/span><\/p>\n<\/div><\/div><\/div><\/div>\n<\/div>\n\n<div class=\"et_pb_column_2 et_pb_column et-last-child et_flex_column et_pb_css_mix_blend_mode_passthrough et_flex_column_2_5 et_flex_column_2_5_tablet et_flex_column_24_24_phone et_flex_column_24_24_phoneWide et_flex_column_2_5_tabletWide et_flex_column_2_5_widescreen et_flex_column_2_5_ultraWide\">\n<div class=\"et_pb_module et_pb_button_module_wrapper et_pb_button_0_wrapper\"><a class=\"et_pb_button_0 et_pb_button et_pb_bg_layout_dark et_animated et_pb_module et_grid_module\" href=\"tel:+390923972748\" target=\"_blank\">T\u00e9l. Fixe<\/a><\/div>\n\n<div class=\"et_pb_module et_pb_button_module_wrapper et_pb_button_1_wrapper\"><a class=\"et_pb_button_1 et_pb_button et_pb_bg_layout_dark et_animated et_pb_module et_grid_module\" href=\"tel:+393497374521\" target=\"_blank\">T\u00e9l. Mobile<\/a><\/div>\n\n<div class=\"et_pb_module et_pb_button_module_wrapper et_pb_button_2_wrapper\"><a class=\"et_pb_button_2 et_pb_button et_pb_bg_layout_dark et_animated et_pb_module et_grid_module\" href=\"mailto:info@riadsanvitolocapo.it\" target=\"_blank\">E-mail<\/a><\/div>\n<\/div>\n<\/div>\n<\/div>\n\n<div class=\"et_pb_column_3 et_pb_column et_pb_column_single et_pb_column_1_2 et-last-child et_block_column et_pb_css_mix_blend_mode_passthrough\">\n<div class=\"et_pb_text_2 et_pb_text et_pb_bg_layout_light et_animated et_clickable et_pb_module et_block_module et_pb_text_align_center\"><div class=\"et_pb_text_inner\"><p>R\u00c9SERVEZ MAINTENANT<\/p>\n<\/div><\/div>\n\n<div class=\"et_pb_code_0 et_pb_code et_animated et_pb_module\"><div class=\"et_pb_code_inner\"><iframe src=\"https:\/\/www.google.com\/maps\/embed?pb=!4v1773140137350!6m8!1m7!1sCAoSFkNJSE0wb2dLRUlDQWdJRGM4N1R5ZEE.!2m2!1d38.17488467436171!2d12.73860252771159!3f5.823681678073038!4f-0.34774926046432597!5f0.4000000000000002\" width=100% height=\"450\" style=\"border:0;\" allowfullscreen=\"\" loading=\"lazy\" referrerpolicy=\"no-referrer-when-downgrade\"><\/iframe><\/div><\/div>\n\n<div class=\"et_pb_text_3 et_pb_text et_pb_bg_layout_light et_pb_module et_flex_module\"><div class=\"et_pb_text_inner\"><h3 style=\"text-align: center;\"><strong>Visite Virtuelle<\/strong><\/h3>\n<p style=\"text-align: center;\">Nous vous offrons un aper\u00e7u rapide de nos espaces. Nous travaillons d\u00e9j\u00e0 sur une nouvelle exp\u00e9rience immersive en haute d\u00e9finition pour vous d\u00e9voiler chaque d\u00e9tail de notre hospitalit\u00e9 arabo-sicilienne<\/p>\n<\/div><\/div>\n<\/div>\n<\/div><\/div>\n\n<div class=\"et_pb_section_2 et_pb_section et_section_regular et_flex_section\">\n<div class=\"et_pb_row_1 et_pb_row et_flex_row\">\n<div class=\"et_pb_column_4 et_pb_column et-last-child et_flex_column et_pb_css_mix_blend_mode_passthrough et_flex_column_24_24 et_flex_column_24_24_tablet et_flex_column_24_24_phone et_flex_column_24_24_phoneWide et_flex_column_24_24_tabletWide et_flex_column_24_24_widescreen et_flex_column_24_24_ultraWide\">\n<div class=\"et_pb_divider_0 et_pb_divider et_pb_space et_pb_divider_position_top et_pb_module\"><div class=\"et_pb_divider_internal\"><\/div><\/div>\n<\/div>\n<\/div>\n<\/div>\n\n<div class=\"et_pb_section_3 et_pb_section et_section_regular et_flex_section\">\n<div class=\"et_pb_row_2 et_pb_row et_flex_row et_flex_column_24_24_widescreen et_flex_column_24_24_ultraWide\">\n<div class=\"et_pb_column_5 et_pb_column et_flex_column et_pb_css_mix_blend_mode_passthrough et_flex_column_12_24 et_flex_column_12_24_tablet et_flex_column_24_24_phone et_flex_column_24_24_phoneWide et_flex_column_12_24_tabletWide et_flex_column_12_24_widescreen et_flex_column_12_24_ultraWide\">\n<div class=\"et_pb_text_4 et_pb_text et_pb_bg_layout_light et_pb_module et_flex_module\"><div class=\"et_pb_text_inner\"><h3 data-path-to-node=\"4,0\">Assistance et R\u00e9servations Directes<\/h3>\n<p data-path-to-node=\"4,1\">Notre \u00e9quipe est \u00e0 votre enti\u00e8re disposition pour parfaire votre s\u00e9jour \u00e0 San Vito Lo Capo. En r\u00e9servant directement sur notre site ou en nous contactant par message, vous avez la garantie du meilleur tarif disponible et d'un lien direct avec notre r\u00e9ception pour toute demande particuli\u00e8re.<\/p>\n<p data-path-to-node=\"8,2,1,0,0\"><b data-path-to-node=\"8,2,1,0,0\" data-index-in-node=\"0\">Pourquoi nous \u00e9crire ? <\/b><\/p>\n<ul>\n<li>\n<p data-path-to-node=\"8,2,1,0,0\"><b data-path-to-node=\"8,2,1,0,0\" data-index-in-node=\"0\">R\u00e9ponse rapide :<\/b> Nous traitons chaque demande en quelques heures.<\/p>\n<\/li>\n<li>\n<p data-path-to-node=\"8,2,1,1,0\"><b data-path-to-node=\"8,2,1,1,0\" data-index-in-node=\"0\">Expertise locale :<\/b> Nous vous accompagnons dans la planification de vos excursions et transferts depuis\/vers l'a\u00e9roport de Trapani ou Palerme.<\/p>\n<\/li>\n<li>\n<p data-path-to-node=\"8,2,1,2,0\"><b data-path-to-node=\"8,2,1,2,0\" data-index-in-node=\"0\">Offres sur mesure :<\/b> Avantages exclusifs pour les longs s\u00e9jours ou les groupes.<\/p>\n<\/li>\n<\/ul>\n<\/div><\/div>\n<\/div>\n\n<div class=\"et_pb_column_6 et_pb_column et-last-child et_flex_column et_pb_css_mix_blend_mode_passthrough et_flex_column_12_24 et_flex_column_12_24_tablet et_flex_column_24_24_phone et_flex_column_24_24_phoneWide et_flex_column_12_24_tabletWide et_flex_column_12_24_widescreen et_flex_column_12_24_ultraWide\">\n<div class=\"et_pb_contact_form_0 et_pb_contact_form_container clearfix et_pb_recaptcha_enabled et_pb_module et_flex_module\" data-form_unique_num=\"0\" data-form_unique_id=\"0224db87-60b0-484f-9fe0-372990be1717\" id=\"et_pb_contact_form_0224db87-60b0-484f-9fe0-372990be1717\"><h3 class=\"et_pb_contact_main_title\">Envoyer un message<\/h3><div class=\"et-pb-contact-message\"><\/div><div class=\"et_pb_contact\"><form class=\"et_pb_contact_form et_flex_module\" method=\"post\" action=\"https:\/\/www.riadsanvitolocapo.com\/fr\/wp-json\/wp\/v2\/pages\/84\">\n<div class=\"et_pb_contact_field_0 et_pb_contact_field et_pb_module et_flex_module et_flex_column_12_24 et_flex_column_12_24_tablet et_flex_column_12_24_phone et_flex_column_12_24_phoneWide et_flex_column_12_24_tabletWide et_flex_column_12_24_widescreen et_flex_column_12_24_ultraWide\" data-id=\"name\" data-type=\"input\" aria-label=\"nome del mittente del messaggio\"><label class=\"et_pb_contact_form_label\" for=\"et_pb_contact_0_name_0\">Pr\u00e9nom<\/label><input type=\"text\" name=\"et_pb_contact_0_name_0\" id=\"et_pb_contact_0_name_0\" class=\"input\" data-required_mark=\"required\" data-field_type=\"input\" data-original_id=\"name\" placeholder=\"Pr\u00e9nom\" title=\"\" value=\"\" \/><\/div>\n\n<div class=\"et_pb_contact_field_1 et_pb_contact_field et_pb_module et_flex_module et_flex_column_12_24 et_flex_column_12_24_tablet et_flex_column_12_24_phone et_flex_column_12_24_phoneWide et_flex_column_12_24_tabletWide et_flex_column_12_24_widescreen et_flex_column_12_24_ultraWide\" data-id=\"name_2\" data-type=\"input\" aria-label=\"cognome del mittente del messaggio\"><label class=\"et_pb_contact_form_label\" for=\"et_pb_contact_0_name_2_1\">Nom<\/label><input type=\"text\" name=\"et_pb_contact_0_name_2_1\" id=\"et_pb_contact_0_name_2_1\" class=\"input\" data-required_mark=\"required\" data-field_type=\"input\" data-original_id=\"name_2\" placeholder=\"Nom\" title=\"\" value=\"\" \/><\/div>\n\n<div class=\"et_pb_contact_field_2 et_pb_contact_field et_pb_module et_flex_module et_flex_column_12_24 et_flex_column_12_24_tablet et_flex_column_12_24_phone et_flex_column_12_24_phoneWide et_flex_column_12_24_tabletWide et_flex_column_12_24_widescreen et_flex_column_12_24_ultraWide\" data-id=\"email\" data-type=\"email\" aria-label=\"email del mittente del messaggio\"><label class=\"et_pb_contact_form_label\" for=\"et_pb_contact_0_email_2\">E-mail<\/label><input type=\"text\" name=\"et_pb_contact_0_email_2\" id=\"et_pb_contact_0_email_2\" class=\"input\" data-required_mark=\"required\" data-field_type=\"email\" data-original_id=\"email\" placeholder=\"E-mail\" title=\"\" value=\"\" \/><\/div>\n\n<div class=\"et_pb_contact_field_3 et_pb_contact_field et_pb_module et_flex_module et_flex_column_12_24 et_flex_column_12_24_tablet et_flex_column_12_24_phone et_flex_column_12_24_phoneWide et_flex_column_12_24_tabletWide et_flex_column_12_24_widescreen et_flex_column_12_24_ultraWide\" data-id=\"telephone\" data-type=\"email\" aria-label=\"telefono del mittente del messaggio\"><label class=\"et_pb_contact_form_label\" for=\"et_pb_contact_0_telephone_3\">T\u00e9l\u00e9phone<\/label><input type=\"text\" name=\"et_pb_contact_0_telephone_3\" id=\"et_pb_contact_0_telephone_3\" class=\"input\" data-required_mark=\"not_required\" data-field_type=\"email\" data-original_id=\"telephone\" placeholder=\"T\u00e9l\u00e9phone\" title=\"\" value=\"\" \/><\/div>\n\n<div class=\"et_pb_contact_field_4 et_pb_contact_field et_pb_module et_flex_module et_flex_column_24_24 et_flex_column_24_24_tablet et_flex_column_24_24_phone et_flex_column_24_24_phoneWide et_flex_column_24_24_tabletWide et_flex_column_24_24_widescreen et_flex_column_24_24_ultraWide\" data-id=\"message_2\" data-type=\"text\" aria-label=\"messaggio del mittente del messaggio\"><label class=\"et_pb_contact_form_label\" for=\"et_pb_contact_0_message_2_4\">Message<\/label><textarea name=\"et_pb_contact_0_message_2_4\" id=\"et_pb_contact_0_message_2_4\" class=\"et_pb_contact_message input\" data-required_mark=\"required\" data-field_type=\"text\" data-original_id=\"message_2\" placeholder=\"Message\"><\/textarea><\/div>\n<input type=\"hidden\" name=\"et_pb_contactform_submit_0224db87-60b0-484f-9fe0-372990be1717\" value=\"et_contact_proccess\" \/><div class=\"et_contact_bottom_container\"><div class=\"et_pb_button_wrapper\"><button type=\"submit\" name=\"et_builder_submit_button\" class=\"et_pb_button et_pb_contact_submit\">Envoyer<\/button><\/div><\/div><input type=\"hidden\" id=\"_wpnonce-et-pb-contact-form-submitted-0224db87-60b0-484f-9fe0-372990be1717\" name=\"_wpnonce-et-pb-contact-form-submitted-0224db87-60b0-484f-9fe0-372990be1717\" value=\"99faf338c0\" \/><input type=\"hidden\" name=\"_wp_http_referer\" value=\"\/fr\/wp-json\/wp\/v2\/pages\/84\" \/><\/form><\/div><\/div>\n<\/div>\n<\/div>\n<\/div>\n\n<div class=\"et_pb_section_4 et_pb_section et_section_regular et_flex_section\">\n<div class=\"et_pb_row_3 et_pb_row et_flex_row\">\n<div class=\"et_pb_column_7 et_pb_column et-last-child et_flex_column et_pb_css_mix_blend_mode_passthrough et_flex_column_24_24 et_flex_column_24_24_tablet et_flex_column_24_24_phone et_flex_column_24_24_phoneWide et_flex_column_24_24_tabletWide et_flex_column_24_24_widescreen et_flex_column_24_24_ultraWide\">\n<div class=\"et_pb_divider_1 et_pb_divider et_pb_space et_pb_divider_position_top et_pb_module\"><div class=\"et_pb_divider_internal\"><\/div><\/div>\n<\/div>\n<\/div>\n<\/div>\n\n<div class=\"et_pb_section_5 et_pb_section et_section_specialty et_pb_gutters3 et_block_section section_has_divider et_pb_bottom_divider et_pb_specialty_fullwidth\"><div class=\"et_pb_row et_block_row\">\n<div class=\"et_pb_column_8 et_pb_column et_pb_specialty_column et_pb_column_1_2 et_block_column et_pb_css_mix_blend_mode_passthrough\">\n<div class=\"et_pb_row_inner_1 et_pb_row_inner et_block_row\">\n<div class=\"et_pb_column_inner_1 et_pb_column_inner et_pb_column et_pb_column_4_4 et-last-child et_block_column et_pb_css_mix_blend_mode_passthrough\">\n<div class=\"et_pb_text_5 et_pb_text et_pb_bg_layout_light et_pb_module et_block_module\"><\/div>\n\n<div class=\"et_pb_text_6 et_pb_text et_pb_bg_layout_light et_pb_module et_block_module\"><div class=\"et_pb_text_inner\" data-et-mv-hidden-widescreen=\"true\"><h2>Votre oasis \u00e0 San Vito Lo Capo<\/h2>\n<p class=\"p1\">Le Riad Comfort Rooms b\u00e9n\u00e9ficie d'un emplacement privil\u00e9gi\u00e9, \u00e0 seulement 50 m\u00e8tres de la plage et \u00e0 quelques pas de la rue principale. C'est le point de d\u00e9part id\u00e9al pour explorer la R\u00e9serve du Zingaro ou admirer le coucher de soleil sur la mer.<\/p>\n<\/div><\/div>\n<\/div>\n<\/div>\n\n<div class=\"et_pb_row_4 et_pb_row et_flex_row et_animated\">\n<div class=\"et_pb_column_9 et_pb_column et_flex_column et_pb_css_mix_blend_mode_passthrough et_flex_column_3_5 et_flex_column_3_5_tablet et_flex_column_24_24_phone et_flex_column_24_24_phoneWide et_flex_column_3_5_tabletWide et_flex_column_3_5_widescreen et_flex_column_3_5_ultraWide\">\n<div class=\"et_pb_blurb_2 et_pb_blurb et_pb_bg_layout_light et_pb_blurb_position_top et_clickable et_pb_module et_flex_module\"><div class=\"et_pb_blurb_content et_flex_module\"><div class=\"et_pb_blurb_container\"><h3 class=\"et_pb_module_header\">Riad Comfort Rooms<\/h3><div class=\"et_pb_blurb_description\"><div class=\"YFlihe\">\n<div class=\"iAj9Vc\">\n<div class=\"vKmG2c\">\n<p data-path-to-node=\"12,2,0\"><b data-path-to-node=\"12,2,0\" data-index-in-node=\"18\">Logistique et Transports :<\/b><\/p>\n<ul data-path-to-node=\"12,2,1\">\n<li>\n<p data-path-to-node=\"12,2,1,0,0\"><b data-path-to-node=\"12,2,1,0,0\" data-index-in-node=\"0\">A\u00e9roport de Palerme (PMO) :<\/b> 90 km (environ 1h 20m).<\/p>\n<\/li>\n<li>\n<p data-path-to-node=\"12,2,1,1,0\"><b data-path-to-node=\"12,2,1,1,0\" data-index-in-node=\"0\">A\u00e9roport de Trapani (TPS) :<\/b> 60 km (environ 1h).<\/p>\n<\/li>\n<li>\n<p data-path-to-node=\"12,2,1,2,0\"><b data-path-to-node=\"12,2,1,2,0\" data-index-in-node=\"0\">Transfert :<\/b> Sur demande, nous organisons votre liaison directe pour une arriv\u00e9e en toute s\u00e9r\u00e9nit\u00e9.<\/p>\n<\/li>\n<\/ul>\n<\/div>\n<\/div>\n<div class=\"e0RVke\"><\/div>\n<\/div>\n<div class=\"NB4yxe fontBodyMedium \"><\/div>\n<\/div><\/div><\/div><\/div>\n<\/div>\n\n<div class=\"et_pb_column_10 et_pb_column et-last-child et_flex_column et_pb_css_mix_blend_mode_passthrough et_flex_column_2_5 et_flex_column_2_5_tablet et_flex_column_24_24_phone et_flex_column_24_24_phoneWide et_flex_column_2_5_tabletWide et_flex_column_2_5_widescreen et_flex_column_2_5_ultraWide\">\n<div class=\"et_pb_module et_pb_button_module_wrapper et_pb_button_3_wrapper\"><a class=\"et_pb_button_3 et_pb_button et_pb_bg_layout_light et_animated et_pb_module et_grid_module\" href=\"https:\/\/booking.ericsoft.com\/it\/BookingEngine\/Book?idh=1685F9627E8AD4CE\" target=\"_blank\" rel=\"nofollow noopener\">R\u00e9server<\/a><\/div>\n\n<ul class=\"et_pb_social_media_follow_0 et_pb_social_media_follow et_pb_bg_layout_light et_animated et_pb_module et_flex_module\">\n<li class=\"et_pb_social_media_follow_network_0 et_pb_social_media_follow_network et_pb_social_icon et_pb_social_network_link et-social-facebook et_pb_module et_flex_module\" aria-label=\"Suivez-nous sur Facebook\"><a href=\"https:\/\/www.facebook.com\/riadsanvitolocapo\" class=\"icon\" target=\"_blank\" title=\"Suivre sur Facebook\" rel=\"noopener nofollow\"><span class=\"et_pb_social_media_follow_network_name\">Suivre<\/span><\/a><\/li>\n\n<li class=\"et_pb_social_media_follow_network_1 et_pb_social_media_follow_network et_pb_social_icon et_pb_social_network_link et-social-instagram et_pb_module et_flex_module\" aria-label=\"Suivez-nous sur Instagram\"><a href=\"https:\/\/www.instagram.com\/riadcomfortrooms\" class=\"icon\" target=\"_blank\" title=\"Suivre sur Instagram\" rel=\"noopener nofollow\"><span class=\"et_pb_social_media_follow_network_name\">Suivre<\/span><\/a><\/li>\n\n<li class=\"et_pb_social_media_follow_network_2 et_pb_social_media_follow_network et_pb_social_icon et_pb_social_network_link et-pb-social-fa-icon et-social-google et_pb_module et_flex_module\" aria-label=\"Carte de l&amp;#39;emplacement du Riad Comfort Rooms\"><a href=\"https:\/\/maps.app.goo.gl\/36VR4F3b1BLRF7JJ8\" class=\"icon\" target=\"_blank\" title=\"Suivre sur Google\" rel=\"noopener nofollow\"><span class=\"et_pb_social_media_follow_network_name\">Suivre<\/span><\/a><\/li>\n<\/ul>\n<\/div>\n<\/div>\n<\/div>\n\n<div class=\"et_pb_column_11 et_pb_column et_pb_column_single et_pb_column_1_2 et-last-child et_block_column et_pb_css_mix_blend_mode_passthrough\">\n<div class=\"et_pb_text_7 et_pb_text et_pb_bg_layout_light et_animated et_clickable et_pb_module et_block_module et_pb_text_align_center\"><div class=\"et_pb_text_inner\"><p>O\u00d9 NOUS TROUVER<\/p>\n<\/div><\/div>\n\n<div class=\"et_pb_code_1 et_pb_code et_animated et_pb_module\"><div class=\"et_pb_code_inner\"><iframe src=\"https:\/\/www.google.com\/maps\/embed?pb=!1m18!1m12!1m3!1d16297.462527828367!2d12.731574606279382!3d38.17764284911251!2m3!1f0!2f0!3f0!3m2!1i1024!2i768!4f13.1!3m3!1m2!1s0x131976e7a5f18ab5%3A0xa3afb42f89d3efd6!2sRIAD%20Comfort%20Rooms%20-%20San%20Vito%20Lo%20Capo!5e1!3m2!1sit!2sus!4v1772890942751!5m2!1sit!2sus\" width=100% height=\"450\" style=\"border:0;\" allowfullscreen=\"\" loading=\"lazy\" referrerpolicy=\"no-referrer-when-downgrade\"><\/iframe><\/div><\/div>\n<\/div>\n<\/div><div class=\"et_pb_bottom_inside_divider et-no-transition\"><\/div><\/div>","protected":false},"excerpt":{"rendered":"","protected":false},"author":1,"featured_media":107,"parent":0,"menu_order":0,"comment_status":"closed","ping_status":"closed","template":"","meta":{"_et_pb_use_builder":"on","_et_pb_old_content":"","_et_gb_content_width":"","_joinchat":[],"footnotes":""},"class_list":["post-84","page","type-page","status-publish","has-post-thumbnail","hentry"],"_links":{"self":[{"href":"https:\/\/www.riadsanvitolocapo.com\/fr\/wp-json\/wp\/v2\/pages\/84","targetHints":{"allow":["GET"]}}],"collection":[{"href":"https:\/\/www.riadsanvitolocapo.com\/fr\/wp-json\/wp\/v2\/pages"}],"about":[{"href":"https:\/\/www.riadsanvitolocapo.com\/fr\/wp-json\/wp\/v2\/types\/page"}],"author":[{"embeddable":true,"href":"https:\/\/www.riadsanvitolocapo.com\/fr\/wp-json\/wp\/v2\/users\/1"}],"replies":[{"embeddable":true,"href":"https:\/\/www.riadsanvitolocapo.com\/fr\/wp-json\/wp\/v2\/comments?post=84"}],"version-history":[{"count":26,"href":"https:\/\/www.riadsanvitolocapo.com\/fr\/wp-json\/wp\/v2\/pages\/84\/revisions"}],"predecessor-version":[{"id":564,"href":"https:\/\/www.riadsanvitolocapo.com\/fr\/wp-json\/wp\/v2\/pages\/84\/revisions\/564"}],"wp:featuredmedia":[{"embeddable":true,"href":"https:\/\/www.riadsanvitolocapo.com\/fr\/wp-json\/wp\/v2\/media\/107"}],"wp:attachment":[{"href":"https:\/\/www.riadsanvitolocapo.com\/fr\/wp-json\/wp\/v2\/media?parent=84"}],"curies":[{"name":"wp","href":"https:\/\/api.w.org\/{rel}","templated":true}]}}